{"id":999,"date":"2026-01-15T23:10:01","date_gmt":"2026-01-15T21:10:01","guid":{"rendered":"https:\/\/telmag.ro\/?page_id=999"},"modified":"2026-01-15T23:11:03","modified_gmt":"2026-01-15T21:11:03","slug":"politica-de-confidentialitate-gdpr","status":"publish","type":"page","link":"https:\/\/telmag.ro\/en\/politica-de-confidentialitate-gdpr\/","title":{"rendered":"Politic\u0103 de Confiden\u021bialitate\/GDPR"},"content":{"rendered":"<div data-elementor-type=\"wp-page\" data-elementor-id=\"999\" class=\"elementor elementor-999\">\n\t\t\t\t<div class=\"elementor-element elementor-element-c4c9075 e-flex e-con-boxed e-con e-parent\" data-id=\"c4c9075\" data-element_type=\"container\">\n\t\t\t\t\t<div class=\"e-con-inner\">\n\t\t\t\t<div class=\"elementor-element elementor-element-d43d9cd elementor-widget elementor-widget-text-editor\" data-id=\"d43d9cd\" data-element_type=\"widget\" data-widget_type=\"text-editor.default\">\n\t\t\t\t\t\t\t\t\t<p>Politica privind prelucrarea datelor cu caracter personal pe website-ul\u00a0 www.telmag.ro S.C. Mater optica medical s.r.l.<\/p><p>1. Informatii Generale In desfasurarea activitatii sale, S.C. Mater optica medical s.r.l., cu sediul in Bd. Independentei bl. Y5-Y6 Iasi, inregistrata la Oficiul Registrului Comertului de pe langa Tribunalul Iasi sub nr. J22\/2011\/2012, cod unic de inregistrare 30942247 (\u201eSocietatea\u201d), prelucreaza datele dumneavoastra cu caracter personal atunci cand accesati site-ul www.materoptica.ro (\u201eWebsite-ul\u201d). Societatea asigura, in permanenta, respectarea tuturor principiilor si a legislatiei privind protectia datelor cu carcater personal, in ceea ce priveste prelucrarea, colectarea, procesarea, stocarea si transferul datelor cu caracter personal, astfel cum acestea sunt reglementate prin legislatia in vigoare, precum si prin predeverile Regulamentul (UE) 2016\/679 privind protectia persoanelor fizice in ceea ce priveste prelucarea datelor cu carcater personal si privind libera circulatie a acestor date (\u201eGDPR\u201d). Prezenta politic\u0103 stabile\u0219te principiile cheie \u00een ceea ce prive\u0219te protec\u021bia datelor \u0219i modul \u00een care Societatea gestioneaza datele cu caracter personal pe care ni le transmiteti prin accesarea Website-ul. Societatea va asigura actualizarea prezentei politici si va publica pe website cea mai recenta versiune a acesteia. DEFINI\u021aII Urm\u0103toarele defini\u021bii ale termenilor utiliza\u021bi \u00een acest document sunt extrase din articolul 4 al GDPR : Date cu caracter personal: \u00censeamn\u0103 orice informa\u021bii privind o persoan\u0103 fizic\u0103 identificat\u0103 sau identificabil\u0103 (\u201ePersoan\u0103 Vizat\u0103\u201d) care poate fi identificat\u0103, direct sau indirect, \u00een special prin referire la un identificator, cum ar fi un nume, un num\u0103r de identificare, date de localizare, un identificator online, sau la unul sau mai multe elemente specifice identit\u0103\u021bii fizice, fiziologice, genetice, psihice, economice, culturale sau sociale a persoanei fizice. 2 Prelucrarea: \u00censeamn\u0103 orice opera\u021biune sau set de opera\u021biuni efectuate asupra datelor cu caracter personal sau asupra seturilor de date cu caracter personal, cu sau f\u0103r\u0103 utilizarea de mijloace automatizate, precum colectarea, \u00eenregistrarea, organizarea, structurarea, stocarea, adaptarea sau modificarea, extragerea, consultarea, utilizarea, divulgarea prin transmitere, diseminarea sau punerea la dispozi\u021bie \u00een orice alt mod, alinierea sau combinarea, restric\u021bionarea, \u0219tergerea sau distrugerea datelor. DPO: \u00censeamn\u0103 responsabilul cu protec\u021bia datelor, mai precis persoana responsabil\u0103 cu protec\u021bia datelor. Art. 2. Categorii de date cu caracter personal Cunoa\u0219tem importan\u021ba datelor tale personale \u0219i ne angaj\u0103m s\u0103 protejam confiden\u021bialitatea \u0219i securitatea acestora. De aceea, este important pentru noi s\u0103 te inform\u0103m despre prelucrarea datelor tale personale \u00een calitate de utilizator al Website-ului nostru, prin prezenta politic\u0103. Categoriile de date cu caracter personal prelucrate de Societate variaza in functie de interatiunea si raporturile pe care dumneavoastra le inregistrati pe Website-ul. Astfel, datele tale personale pot fi furnizate de c\u0103tre tine \u00een cadrul diverselor sec\u021biuni al Website-ului, \u00een special \u00een urm\u0103toarele situa\u0163ii: c\u00e2nd te abonezi la newsletter-ul Societatii, c\u00e2nd completezi formularul de contact al Website-ului. Art. 2.1. Categorii de date ce pot fi prelucrate: a) In momentul completarii formularului de contact disponibil pe Website: nume, prenume, numar de telefon, adresa de e-mail; b) In momentul abonarii la newsletter: e-mail, nume, prenume. Datele furnizate de c\u0103tre tine trebuie s\u0103 fie reale, corecte \u015fi actualizate, iar tu trebuie s\u0103 ai dreptul de a le furniza. Datele mentionate la punctele a) \u2013 b) de mai sus, sunt furnizate de catre dumneavostra in mod voluntar cu ocazia interactionarii cu Societatea in functie de scopul transmis de dumneavostra. E\u0219ti, astfel, responsabil pentru datele pe care le furnizezi \u00een cadrul website-ului, at\u00e2t fa\u0163\u0103 de noi, c\u00e2t \u015fi fa\u0163\u0103 de orice ter\u0163 care ar putea fi prejudiciat prin furnizarea datelor. De asemenea, website-ul poate colecta \u015fi anumite informa\u0163ii privind navigarea \u015fi interac\u0163iunile tale cu diversele sec\u0163iuni ale acestuia \/ acesteia. Vom stoca sau accesa informa\u0163ii \u015fi fi\u015fiere cookies \u00een echipamentul t\u0103u terminal (computer, telefon, tablet\u0103 etc.) doar \u00een condi\u0163iile descrise \u00een sec\u0163iunea Cookies 3 corespunz\u0103toare. Categoriile de date cu caracter personal care sunt prelucrate vizeaza: ora si data accesarii site-ului, precum si adresa de IP a terminalului de pe care a fost accesat website-ul. Art. 2.2. Societatea poate prelucra datelor mentionate la art. 2.1, de mai sus, in urmatoarele scopuri: a) Marketing: transmiterea de newsletter-e abonatilor prin mijloace de comunicare precum e-mail, telefon; prelucarea acestor date cu caracter personal se realizeaza in baza consimtamantului dumneavostra; b) In scopul gestionarii solicitarilor, reclamatiilor, sugestiilor: prelucarea datelor pentru completarea formularului de contact; prelucarea acestor date cu caracter personal se realizeaza in baza consimtamantului dumneavostra, precum si in interesul legitim al Societatii in vederea solutionarii reclamatiilor, imbunatarii serviciilor, gestionarii sugestiilor si solicitarilor transmise Societatii; c) In contextul prelucrarii datelor vizitatorilor Website-ului, in scopul asigurarii unei bune functionari a website-ului Societatii; temeiul juridic al preluarii il reprezinta interesul legitim al Societatii a isi imbunatati serviciile Art. 3. Principiile de baz\u0103 privind prelucrarea datelor cu caracter personal Prelucrarea si gestionarea datelor dumneavostra personale se realizeaza cu respectarea urmatoarelor principii:\u00a0\u00fc\u00a0Este deschis\u0103 \u0219i transparent\u0103 cu privire la ceea ce face cu datele \u0219i motivul pentru care le folose\u0219te;\u00a0\u00fc\u00a0P\u0103streaz\u0103 datele \u00een siguran\u021b\u0103;\u00a0\u00fc\u00a0Se asigur\u0103 c\u0103 are \u00eentotdeauna un temei legal pentru a gestiona datele;\u00a0\u00fc\u00a0Colecteaza \u0219i utilizeaz\u0103 minimul necesar de date, respect\u00e2nd astfel principiul minimiz\u0103rii;\u00a0\u00fc\u00a0Pastreaz\u0103 datele actualizate, corecte \u0219i complete;\u00a0\u00fc\u00a0Nu pastreaz\u0103 datele mai mult dec\u00e2t este necesar, asigur\u00e2nd implementarea unor perioade de reten\u021bie a datelor, acolo unde nu exist\u0103 o perioad\u0103 obligatorie prev\u0103zut\u0103 de lege;\u00a0\u00fc\u00a0Respect\u0103 drepturile legale ale persoanelor vizate, cu privire la datele lor cu caracter personal;\u00a0\u00fc\u00a0Nu transfer\u0103 \u00een str\u0103in\u0103tate datele f\u0103r\u0103 a lua m\u0103surile prev\u0103zute pentru transferul de date, \u0219i nu \u00eenainte de a informa persoanele vizate \u00een acest sens. 4 Art. 3.1. Echitate \u0219i transparen\u021b\u0103 Datele cu caracter personal sunt prelucrate \u00een mod legal, echitabil \u0219i transparent \u00een raport cu persoana vizat\u0103. Acesta este principiul de baz\u0103 \u0219i \u00eenseamn\u0103 c\u0103 utiliz\u0103m datele personale numai \u00een m\u0103sura \u00een care persoanele care le \u00eencredin\u021beaz\u0103 Societatii au fost informate \u00een prealabil despre modul utiliz\u0103rii. Puteti solicitata Societatii, in orice moment, informatii cu privire la urm\u0103toarele aspecte principale:\u00a0\u00fc\u00a0Ce fel de date vor fi colectate;\u00a0\u00fc\u00a0\u00cen ce scop vor fi folosite;\u00a0\u00fc\u00a0Cu cine vor fi \u00eemp\u0103rt\u0103\u0219ite (dac\u0103 este cazul);\u00a0\u00fc\u00a0Dac\u0103 vor fi transferate \u00een alte \u021b\u0103ri;\u00a0\u00fc\u00a0C\u00e2t timp vor fi p\u0103strate;\u00a0\u00fc\u00a0Ce drepturi au persoanele fizice cu privire la datele lor personale;\u00a0\u00fc\u00a0Indicarea canalelor de contact prin care persoanele vizate \u00ee\u0219i pot exercita aceste drepturi. Datele cu caracter personal vor fi prelucrate numai in scopul comunicat persoanei vizate. Modificarile ulterioare ale scopului prelucrarii vor fi comunicate persoanei vizate, anterior utilizarii datelor personale ale acesteia. Art. 3.2. Legalitate Societatea \u00een\u021belege s\u0103 realizeze toate activit\u0103\u021bile de procesare at\u00e2t \u00eentr-un scop bine determinat \u0219i raportat la activitatea sa, dar \u0219i circumscris unei justific\u0103ri legale corespunz\u0103toare, precum si in vederea indeplinirii intereselor legitime ale Societatii in contextul desfasurarii obiectului sau de activitate, dup\u0103 cum urmeaz\u0103:\u00a0\u00fc\u00a0abonarea la newsletter-ul Societatii prin intermediul c\u0103ruia vom trimite lans\u0103ri de noi produse sau servicii, comunic\u0103ri comerciale privind promo\u021biile \u0219i campaniile desfasurate de Societate independent sau \u00een colaboare cu unul sau mai mul\u021bi parteneri, informa\u021bii utile despre serviciile oferite etc.;\u00a0\u00fc\u00a0oferirea de r\u0103spunsuri \u00een cazul complet\u0103rii formularului de contact; Art. 3.3. Consim\u021b\u0103m\u00e2ntul persoanei vizate 5 Ob\u021binerea consim\u021b\u0103m\u00e2ntului persoanei ale c\u0103rei date urmeaz\u0103 s\u0103 le colect\u0103m \u0219i proces\u0103m, reprezint\u0103 un alt temei juridic prev\u0103zut de GDPR, iar Societatea va prelucra datele cu caracter personal, doar in baza consimtamantului dumneavoastra expres si neechivoc, in toate situatiile in care se impune necesitatea acestuia. Art. 3.4. Minimizarea datelor Datele cu caracter personal vor fi utilizate numai atunci c\u00e2nd este absolut necesar \u0219i relevant pentru o anumit\u0103 sarcin\u0103 de proces sau proiect. \u00cen cazul \u00een care utilizarea datelor cu caracter personal nu poate fi evitat\u0103 Societatea va folosi numai datele minim necesare \u00eendeplinirii acelui scop. Art. 3.5. Exactitatea datelor Legisla\u021bia privind protec\u021bia datelor solicit\u0103 ca datele personale s\u0103 fie p\u0103strate exacte, complete \u0219i actualizate. Societatea va asigura corectarea, suplimentarea, actualizarea sau stergerea, dupa caz a datelor inexacte ori incomplete. Art. 3.6. Perioada de p\u0103strare \u0219i stocarea datelor Vom p\u0103stra datele tale personale pe o perioad\u0103 care nu dep\u0103\u015fe\u015fte perioada necesar\u0103 \u00eendeplinirii scopurilor \u00een care sunt prelucrate datele, cu excep\u0163ia situa\u0163iilor \u00een care dispozi\u0163iile legale prev\u0103d sau ne oblig\u0103 altfel. Astfel:\u00a0\u00fc\u00a0cu privire la newsletter-ul Societatii, vom p\u0103stra adresa ta de e-mail \u00een baza de date a newsletterului at\u00e2t timp c\u00e2t abonarea ta este activ\u0103; din momentul \u00een care primim cererea ta de dezabonare, vom dezactiva trimiterea de newslettere c\u0103tre adresa ta de e-mail; moment la care, adresa de email, va fi stearsa din baza de date cu privire la abonatii pentru newsletter;\u00a0\u00fc\u00a0cu privire la formularul de contact, vom p\u0103stra datele tale personale pe perioada necesar\u0103 oferirii de r\u0103spunsuri la mesajele \u015fi cererile tale \u015fi dovedirii coresponden\u0163ei purtate cu tine, dar nu mai mult de 1 an de la primirea acestora; 6\u00a0\u00fc\u00a0in vederea participarii la concursurile si campaniile organizate online de c\u0103tre Societate, vom p\u0103stra datele tale personale pe perioada necesar\u0103 derul\u0103rii acestor programe \u015fi dovedirii particip\u0103rii tale la aceste programe, conform Regulamentelor comunicate pentru fiecare eveniment in parte;\u00a0\u00fc\u00a0cu privire la realizarea de analize privind navigarea pe website \u015fi interac\u0163iunile utilizatorilor cu website-ul, vom p\u0103stra datele privind interac\u0163iunile tale pe o perioad\u0103 de p\u00e2n\u0103 la 3 ani. Societatea poate \u015fterge datele tale personale atunci c\u00e2nd consider\u0103 c\u0103 nu mai sunt necesare pentru scopurile \u00een care au fost colectate. Nu stoc\u0103m informa\u0163ii \u015fi nu acces\u0103m informa\u0163ia stocat\u0103 \u00een echipamentul t\u0103u terminal (computer, telefon, tablet\u0103 etc.) dec\u00e2t cu acordul t\u0103u prealabil sau atunci c\u00e2nd aceste opera\u0163iuni sunt realizate exclusiv \u00een scopul efectu\u0103rii transmisei unei comunic\u0103ri printr-o re\u0163ea de comunica\u0163ii electronice, ori sunt strict necesare \u00een vederea furniz\u0103rii unui serviciu al societ\u0103\u0163ii informa\u0163ionale solicitat \u00een mod expres de c\u0103tre tine (de exemplu, pentru stocarea de informa\u021bii referitoare la activit\u0103\u021bile desf\u0103\u0219urate de tine pe website sau \u00een aplica\u021bia de mobil sau tablet\u0103, astfel \u00eenc\u00e2t s\u0103 utilizezi cu u\u0219urin\u021b\u0103 website-ul sau aplica\u021bia de mobil sau tablet\u0103 la o accesare ulterioar\u0103). Pentru utilizarea fi\u015fierelor cookie \u00een privin\u0163a c\u0103rora este necesar acordul t\u0103u prealabil, website-ul sau \u00ee\u0163i va cere acordul printr-un banner afi\u015fat pe website la momentul acces\u0103rii acestora. Acest banner con\u0163ine un link c\u0103tre prezenta Politic\u0103 de protectie a datelor cu caracter personal \u015fi \u00ee\u0163i ofer\u0103 op\u0163iunea de a accepta fi\u015fierele cookie, precum \u015fi op\u0163iunea de a le refuza. Dac\u0103 \u0163i-ai dat acordul, dar te r\u0103zg\u00e2nde\u015fti ulterior, po\u0163i folosi set\u0103rile aplica\u0163iei tale de navigare pe internet (browser-ul) pentru a \u015fterge informa\u0163iile stocate sau pentru a refuza fi\u015fierele cookie. Dac\u0103 vrei s\u0103 \u0219tii ce sunt cookie-urile acceseaz\u0103 Politica de confiden\u021bialitate de pe website-ul nostru. Art. 3.7. Securitatea datelor Societatea asigura si impleteaza m\u0103surile tehnice \u015fi organizatorice de securitate impuse de lege \u015fi de standardele industriei, pentru a-\u0163i proteja datele personale \u00eempotriva distrugerii accidentale sau ilegale, pierderii, modific\u0103rii, dezv\u0103luirii sau accesului neautorizat, precum \u015fi \u00eempotriva oric\u0103rei alte forme de prelucrare ilegal\u0103. De asemenea, lu\u0103m m\u0103suri pentru a ne asigura c\u0103 folosim datele tale personale exact 7 a\u015fa cum este descris \u00een prezenta Politic\u0103 \u015fi pentru a respecta alegerile pe care le faci \u00een privin\u0163a prelucr\u0103rii datelor tale personale. Art. 3.8. Divulgarea c\u0103tre ter\u021bi Cu excep\u021bia situa\u021biilor prezentate mai jos, nu vom dezv\u0103lui f\u0103r\u0103 autorizare nici o informa\u021bie referitoare la datele tale. Pe baza consim\u021b\u0103m\u00e2ntului t\u0103u, expres \u0219i neechivoc, oferit astfel \u0219i numai \u00een limitele legisla\u021biei \u00een vigoare sau \u00een scopul \u00eendeplinirii unei obliga\u021bii legale \u0219i \/ sau protej\u0103rii unui interes legitim, este posibil s\u0103 transmitem datele tale personale c\u0103tre:\u00a0\u00fc\u00a0Furnizori de servicii din urm\u0103toarele domenii: marketing, servicii administrative \u0219i de procesare a tranzac\u021biilor;\u00a0\u00fc\u00a0Al\u021bi furnizori de servicii, to\u021bi avand semnate acorduri de p\u0103strarea confiden\u021bialit\u0103\u021bii informa\u021biilor;\u00a0\u00fc\u00a0Organiza\u021bii sau companii care coordoneaz\u0103 studii specifice \u0219i care sunt de acord s\u0103 p\u0103streze confiden\u021bialitatea informa\u021biilor primite;\u00a0\u00fc\u00a0Agen\u021bii de stat, guvernamentale, dac\u0103 legisla\u021bia stipuleaz\u0103 acest lucru;\u00a0\u00fc\u00a0Alte autorit\u0103\u021bi \u0219i organisme, \u00een scopul \u00eendeplinirii obliga\u021biilor noastre legislative \u0219i \/ sau protej\u0103rii intereselor noastre legitime;\u00a0\u00fc\u00a0Alte companii cu care putem dezvolta programe comune de ofertare pe pia\u021b\u0103 a produselor \u0219i serviciilor noastre;\u00a0\u00fc\u00a0Firmele de curierat cu care avem contract pentru transportul comenzii dumneavoastre de la sediul nostru pana la adresa dumneavoastra de livrare. Plasarea unei comenzi pe site-ul nostru reprezinta in mod implicit acordul dumneavoastra pentru furnizarea catre firma de curierat a numelui, adresei de livrare si telefonului dumneavoastra de contact. Transmiterea datelor tale personale c\u0103tre destinatarii mai sus men\u021biona\u021bi se va face numai \u00een temeiul unui angajament de confiden\u021bialitate \u015fi de asigurare a unui nivel adecvat de securitate din partea acestora, prin care se garanteaz\u0103 c\u0103 datele personale sunt p\u0103strate \u00een siguran\u021b\u0103 . Art. 4. Drepturile persoanelor fizice Conform prevederilor legale in vigoare, persoanele vizate beneficiaza de urmatoarele drepturi:\u00a0\u00fc\u00a0Dreptul de a fi informat cu privire la modul \u0219i motivul utiliz\u0103rii datelor cu caracter personal; 8\u00a0\u00fc\u00a0Dreptul de a solicita copii ale datelor personale pe care le de\u021bine o entitate (inclusiv informa\u021biile con\u021binute \u00een e-mailuri, mesaje instantanee, note etc.);\u00a0\u00fc\u00a0Dreptul de a solicita corectarea oric\u0103ror inexactit\u0103\u021bi \u00een datele lor personale;\u00a0\u00fc\u00a0Dreptul de a ordona \u0219tergerea datelor personale (inclusiv \u0219tergerea definitiv\u0103 din sistemele Societ\u0103\u021bii \u0219i din orice sisteme ale unui furnizor de outsourcing la care Societatea a permis accesul);\u00a0\u00fc\u00a0Dreptul de a solicita Societatii \u00eencetarea prelucr\u0103rii datelor personale;\u00a0\u00fc\u00a0Dreptul de a se opune utiliz\u0103rii datelor lor personale \u00een scopuri de comercializare direct\u0103;\u00a0\u00fc\u00a0Dreptul de a avea orice date personale care au fost furnizate Societatii transferate c\u0103tre o alt\u0103 parte (de exemplu, un alt furnizor de servicii bancare) \u201e\u00eentr-un format structurat, frecvent utilizat \u0219i care poate fi citit automat\u201d; \u0219i\u00a0\u00fc\u00a0Dreptul de a nu fi supus unui proces de luare a deciziilor complet automatizat (adic\u0103 o decizie generat\u0103 de sistem f\u0103r\u0103 o contribu\u021bie uman\u0103), \u00een cazul \u00een care rezultatul are un efect juridic sau un efect similar semnificativ asupra persoanei \u00een cauz\u0103;\u00a0\u00fc\u00a0Dreptul a isi retrage consimtamantul atunci cand acesta a fost acordat in scopul unei prelucrari;\u00a0\u00fc\u00a0Dreptul a se adresa Autoritatii Nationale de Supraveghere a Preluarii Datelor cu Caracter Personal, daca se considera necesar. \u00cen cazul \u00een care Societatea prime\u0219te o cerere de la o dumneavoastr\u0103 \u00een exercitarea oric\u0103ror dintre drepturile men\u021bionate mai sus, vom r\u0103spunde cererii \u00een termen de 30 de zile, cu posibilitatea extinderii acestui termen, numai dup\u0103 informarea persoanei vizate \u0219i cu condi\u021bia existen\u021bei unui motiv \u00eentemeiat care s\u0103 justifice imposibilitatea formul\u0103rii unui r\u0103spuns \u00een termenul de 30 de zile. Art. 5. Inc\u0103lcarea securit\u0103\u021bii datelor \u00cen cazul \u00een care datele personale se pierd, sunt deteriorate, furate, compromise sau urmare a unei pl\u00e2ngeri cu privire la modul \u00een care Societatea a gestionat datele personale, Societatea va raporta \u00eenc\u0103lcarea c\u0103tre Autoritatea Na\u021bional\u0103 de Supraveghere a Prelucr\u0103rii Datelor cu Caracter Personal \u00een termen de 72 de ore de la constatarea \u00eenc\u0103lc\u0103rii \u0219i s\u0103 notifice f\u0103r\u0103 \u00eent\u00e2rziere persoanele relevante \u00een cazul \u00een care sunt susceptibile de a fi afectate de incident. \u00cen plus, Societatea va depune eforturi rezonabile pentru a limita daunele cauzate de \u00eenc\u0103lcarea securit\u0103\u021bii datelor. Art. 6. Organizare \u0219i responsabilit\u0103\u021bi 9 Responsabilitatea pentru asigurarea unei prelucr\u0103ri adecvate a datelor personale revine oric\u0103rei persoane care lucreaz\u0103 pentru sau se regaseste intr-o forma de colaborare cu Societatea \u0219i care are acces la datele personale prelucrate. Art. 6.1. Informa\u021bii de contact Dac\u0103 ave\u021bi o \u00eentrebare privind exercitarea vreunui dintre drepturile dvs. men\u021bionate mai sus sau orice solicitare de adresare, trebuie s\u0103 ne contactati la urm\u0103toarea adres\u0103 de e-mail: contact@materoptica.ro. De asemenea, puteti adresa solicitari, in scris, la adresa de corespondenta a Societatii, detaliata in partea introductiva a prezentei politici.<\/p>\t\t\t\t\t\t\t\t<\/div>\n\t\t\t\t\t<\/div>\n\t\t\t\t<\/div>\n\t\t\t\t<\/div>","protected":false},"excerpt":{"rendered":"<p>Politica privind prelucrarea datelor cu caracter personal pe website-ul\u00a0 www.telmag.ro S.C. Mater optica medical s.r.l. 1. Informatii Generale In desfasurarea activitatii sale, S.C. Mater optica medical s.r.l., cu sediul in Bd. Independentei bl. Y5-Y6 Iasi, inregistrata la Oficiul Registrului Comertului de pe langa Tribunalul Iasi sub nr. J22\/2011\/2012, cod unic de inregistrare 30942247 (\u201eSocietatea\u201d), prelucreaza [&hellip;]<\/p>","protected":false},"author":1,"featured_media":0,"parent":0,"menu_order":0,"comment_status":"closed","ping_status":"closed","template":"","meta":{"footnotes":""},"class_list":["post-999","page","type-page","status-publish","hentry"],"blocksy_meta":[],"_hostinger_reach_plugin_has_subscription_block":false,"_hostinger_reach_plugin_is_elementor":false,"_links":{"self":[{"href":"https:\/\/telmag.ro\/en\/wp-json\/wp\/v2\/pages\/999","targetHints":{"allow":["GET"]}}],"collection":[{"href":"https:\/\/telmag.ro\/en\/wp-json\/wp\/v2\/pages"}],"about":[{"href":"https:\/\/telmag.ro\/en\/wp-json\/wp\/v2\/types\/page"}],"author":[{"embeddable":true,"href":"https:\/\/telmag.ro\/en\/wp-json\/wp\/v2\/users\/1"}],"replies":[{"embeddable":true,"href":"https:\/\/telmag.ro\/en\/wp-json\/wp\/v2\/comments?post=999"}],"version-history":[{"count":4,"href":"https:\/\/telmag.ro\/en\/wp-json\/wp\/v2\/pages\/999\/revisions"}],"predecessor-version":[{"id":1003,"href":"https:\/\/telmag.ro\/en\/wp-json\/wp\/v2\/pages\/999\/revisions\/1003"}],"wp:attachment":[{"href":"https:\/\/telmag.ro\/en\/wp-json\/wp\/v2\/media?parent=999"}],"curies":[{"name":"wp","href":"https:\/\/api.w.org\/{rel}","templated":true}]}}