{"id":1013,"date":"2026-01-16T23:27:52","date_gmt":"2026-01-16T21:27:52","guid":{"rendered":"https:\/\/telmag.ro\/?post_type=product&#038;p=1013"},"modified":"2026-03-04T23:45:08","modified_gmt":"2026-03-04T21:45:08","slug":"lokmat-zeus4-pro-negru","status":"publish","type":"product","link":"https:\/\/telmag.ro\/en\/product\/lokmat-zeus4-pro-negru\/","title":{"rendered":"LOKMAT ZEUS4 PRO Negru"},"content":{"rendered":"<h1>LOKMAT ZEUS4 PRO Negru<\/h1>","protected":false},"excerpt":{"rendered":"<h1>LOKMAT ZEUS4 PRO Negru<\/h1>\n<h4>LOKMAT ZEUS4 PRO Smart Watch 1.43-Inch IP68 Waterproof Monitorizarea St\u0103rii de S\u0103n\u0103tate Bluetooth Call (Negru)<\/h4>","protected":false},"featured_media":1014,"comment_status":"closed","ping_status":"closed","template":"","meta":[],"product_brand":[],"product_cat":[36,24],"product_tag":[],"class_list":{"0":"post-1013","1":"product","2":"type-product","3":"status-publish","4":"has-post-thumbnail","6":"product_cat-lokmat","7":"product_cat-smartwatch","9":"first","10":"instock","11":"taxable","12":"shipping-taxable","13":"purchasable","14":"product-type-simple"},"_links":{"self":[{"href":"https:\/\/telmag.ro\/en\/wp-json\/wp\/v2\/product\/1013","targetHints":{"allow":["GET"]}}],"collection":[{"href":"https:\/\/telmag.ro\/en\/wp-json\/wp\/v2\/product"}],"about":[{"href":"https:\/\/telmag.ro\/en\/wp-json\/wp\/v2\/types\/product"}],"replies":[{"embeddable":true,"href":"https:\/\/telmag.ro\/en\/wp-json\/wp\/v2\/comments?post=1013"}],"wp:featuredmedia":[{"embeddable":true,"href":"https:\/\/telmag.ro\/en\/wp-json\/wp\/v2\/media\/1014"}],"wp:attachment":[{"href":"https:\/\/telmag.ro\/en\/wp-json\/wp\/v2\/media?parent=1013"}],"wp:term":[{"taxonomy":"product_brand","embeddable":true,"href":"https:\/\/telmag.ro\/en\/wp-json\/wp\/v2\/product_brand?post=1013"},{"taxonomy":"product_cat","embeddable":true,"href":"https:\/\/telmag.ro\/en\/wp-json\/wp\/v2\/product_cat?post=1013"},{"taxonomy":"product_tag","embeddable":true,"href":"https:\/\/telmag.ro\/en\/wp-json\/wp\/v2\/product_tag?post=1013"}],"curies":[{"name":"wp","href":"https:\/\/api.w.org\/{rel}","templated":true}]}}