{"id":1015,"date":"2026-01-16T23:39:50","date_gmt":"2026-01-16T21:39:50","guid":{"rendered":"https:\/\/telmag.ro\/?post_type=product&#038;p=1015"},"modified":"2026-03-04T23:42:57","modified_gmt":"2026-03-04T21:42:57","slug":"lokmat-attack-2-pro-gri","status":"publish","type":"product","link":"https:\/\/telmag.ro\/en\/product\/lokmat-attack-2-pro-gri\/","title":{"rendered":"LOKMAT ATTACK 2 PRO Gri"},"content":{"rendered":"<h1>LOKMAT ATTACK 2 PRO Gri<\/h1>","protected":false},"excerpt":{"rendered":"<h1>LOKMAT ATTACK 2 PRO Gri<\/h1>\n<h4>LOKMAT ATTACK 2 PRO Smart Watch 1.39-Inch 5ATM Waterproof Monitorizarea St\u0103rii de S\u0103n\u0103tate Bluetooth (Gri)<\/h4>","protected":false},"featured_media":1016,"comment_status":"closed","ping_status":"closed","template":"","meta":[],"product_brand":[],"product_cat":[36,24],"product_tag":[],"class_list":{"0":"post-1015","1":"product","2":"type-product","3":"status-publish","4":"has-post-thumbnail","6":"product_cat-lokmat","7":"product_cat-smartwatch","9":"first","10":"instock","11":"taxable","12":"shipping-taxable","13":"purchasable","14":"product-type-simple"},"_links":{"self":[{"href":"https:\/\/telmag.ro\/en\/wp-json\/wp\/v2\/product\/1015","targetHints":{"allow":["GET"]}}],"collection":[{"href":"https:\/\/telmag.ro\/en\/wp-json\/wp\/v2\/product"}],"about":[{"href":"https:\/\/telmag.ro\/en\/wp-json\/wp\/v2\/types\/product"}],"replies":[{"embeddable":true,"href":"https:\/\/telmag.ro\/en\/wp-json\/wp\/v2\/comments?post=1015"}],"wp:featuredmedia":[{"embeddable":true,"href":"https:\/\/telmag.ro\/en\/wp-json\/wp\/v2\/media\/1016"}],"wp:attachment":[{"href":"https:\/\/telmag.ro\/en\/wp-json\/wp\/v2\/media?parent=1015"}],"wp:term":[{"taxonomy":"product_brand","embeddable":true,"href":"https:\/\/telmag.ro\/en\/wp-json\/wp\/v2\/product_brand?post=1015"},{"taxonomy":"product_cat","embeddable":true,"href":"https:\/\/telmag.ro\/en\/wp-json\/wp\/v2\/product_cat?post=1015"},{"taxonomy":"product_tag","embeddable":true,"href":"https:\/\/telmag.ro\/en\/wp-json\/wp\/v2\/product_tag?post=1015"}],"curies":[{"name":"wp","href":"https:\/\/api.w.org\/{rel}","templated":true}]}}