{"id":1032,"date":"2026-01-18T17:48:06","date_gmt":"2026-01-18T15:48:06","guid":{"rendered":"https:\/\/telmag.ro\/?post_type=product&#038;p=1032"},"modified":"2026-03-04T23:25:57","modified_gmt":"2026-03-04T21:25:57","slug":"oukitel-wp60-8gb256gb-negru","status":"publish","type":"product","link":"https:\/\/telmag.ro\/en\/product\/oukitel-wp60-8gb256gb-negru\/","title":{"rendered":"Oukitel WP60 8GB+256GB Negru"},"content":{"rendered":"<h1>Oukitel WP60 8GB+256GB Negru<\/h1>","protected":false},"excerpt":{"rendered":"<h1>Oukitel WP60 8GB+256GB Negru<\/h1>\n<h4>Oukitel WP60 Smartphone Rezistent, 8GB+256GB, Camer\u0103 Infraro\u0219u, Camer\u0103108MP, Amprent\u0103 pe Lateral\u0103, 7.2 inch Android 15 MediaTek Dimensity 7025 Octa Core, NFC, OTG, Re\u021bea: 5G (Negru)<\/h4>","protected":false},"featured_media":1033,"comment_status":"closed","ping_status":"closed","template":"","meta":[],"product_brand":[53],"product_cat":[52,21],"product_tag":[],"class_list":{"0":"post-1032","1":"product","2":"type-product","3":"status-publish","4":"has-post-thumbnail","6":"product_brand-oukitel","7":"product_cat-oukitel","8":"product_cat-telefoane-mobile","10":"first","11":"instock","12":"taxable","13":"shipping-taxable","14":"purchasable","15":"product-type-simple"},"_links":{"self":[{"href":"https:\/\/telmag.ro\/en\/wp-json\/wp\/v2\/product\/1032","targetHints":{"allow":["GET"]}}],"collection":[{"href":"https:\/\/telmag.ro\/en\/wp-json\/wp\/v2\/product"}],"about":[{"href":"https:\/\/telmag.ro\/en\/wp-json\/wp\/v2\/types\/product"}],"replies":[{"embeddable":true,"href":"https:\/\/telmag.ro\/en\/wp-json\/wp\/v2\/comments?post=1032"}],"wp:featuredmedia":[{"embeddable":true,"href":"https:\/\/telmag.ro\/en\/wp-json\/wp\/v2\/media\/1033"}],"wp:attachment":[{"href":"https:\/\/telmag.ro\/en\/wp-json\/wp\/v2\/media?parent=1032"}],"wp:term":[{"taxonomy":"product_brand","embeddable":true,"href":"https:\/\/telmag.ro\/en\/wp-json\/wp\/v2\/product_brand?post=1032"},{"taxonomy":"product_cat","embeddable":true,"href":"https:\/\/telmag.ro\/en\/wp-json\/wp\/v2\/product_cat?post=1032"},{"taxonomy":"product_tag","embeddable":true,"href":"https:\/\/telmag.ro\/en\/wp-json\/wp\/v2\/product_tag?post=1032"}],"curies":[{"name":"wp","href":"https:\/\/api.w.org\/{rel}","templated":true}]}}