{"id":1064,"date":"2026-01-18T21:37:36","date_gmt":"2026-01-18T19:37:36","guid":{"rendered":"https:\/\/telmag.ro\/?post_type=product&#038;p=1064"},"modified":"2026-03-02T23:44:43","modified_gmt":"2026-03-02T21:44:43","slug":"xiaomi-15t-12gb256gb-negru","status":"publish","type":"product","link":"https:\/\/telmag.ro\/en\/product\/xiaomi-15t-12gb256gb-negru\/","title":{"rendered":"Xiaomi 15T 12GB+256GB Negru"},"content":{"rendered":"<h1>Xiaomi 15T 12GB+256GB Negru<\/h1>\n<p>&nbsp;<\/p>\n<p>Specifica\u021bii<br \/>\n1. Procesor: MediaTek Dimensity 8400-Ultra octa-core, 4nm, 1x Arm Cortex-A725 p\u00e2n\u0103 la 3.25GHz + 3 x Arm Cortex-A725 p\u00e2n\u0103 la 3.0GHz + 4 x Arm Cortex-A725 p\u00e2n\u0103 la 2.1GHz<br \/>\n2. GPU: Mali-G720<br \/>\n3. Capacitate memorie: 12GB+512GB \/ LPDDR5X 8533Mbps + UFS 4.1<br \/>\n4. Sistem de operare: Xiaomi HyperOS 2<br \/>\n5. Deblocare: Amprent\u0103 digital\u0103 ecran, deblocare facial\u0103 AI<br \/>\n6. Senzori: Senzor de proximitate, senzor de lumin\u0103 ambiental\u0103, accelerometru, giroscop, busol\u0103 electronic\u0103, blaster IR, senzor de p\u00e2lp\u00e2ire, motor de vibra\u021bii liniare pe axa X, senzor de temperatur\u0103 de culoare<br \/>\n7. Port de \u00eenc\u0103rcare: Tip C<br \/>\n8. Slot cartel\u0103 SIM: Slot cartel\u0103 SIM dual\u0103 (nano SIM + nano SIM sau nano SIM + eSIM, eSIM + eSIM), Utilizare de Cartela eSIM necesit\u0103 un abonament de servicii wireless. 9. Limbi: arab\u0103, afrikaans, amharic\u0103, bengalez\u0103, bulgar\u0103, birman\u0103, catalan\u0103, olandez\u0103, croat\u0103, ceh\u0103, danez\u0103, englez\u0103, francez\u0103, finlandez\u0103, filipinez\u0103, greac\u0103, german\u0103, maghiar\u0103, hindi, ebraic\u0103, indonezian\u0103, italian\u0103, japonez\u0103, khmer\u0103, leton\u0103, malaez\u0103, norvegian\u0103, persan\u0103, portughez\u0103, polonez\u0103, rus\u0103, rom\u00e2n\u0103, s\u00e2rb\u0103, suedez\u0103, spaniol\u0103, turc\u0103, thailandez\u0103, ucrainean\u0103, vietnamez\u0103, chinez\u0103 simpl\u0103, chinez\u0103 tradi\u021bional\u0103, urdu, eston\u0103, lituanian\u0103, slovac\u0103, sloven\u0103, bosniac\u0103<br \/>\n10. Dimensiuni: 163,2 x 78,0 x 7,50 mm<br \/>\n11. Greutate: 194 g<\/p>\n<p>Afi\u0219aj ecran:<br \/>\n1. Ecran: AMOLED de 6,83 inci, Corning Gorilla Glass 7i<br \/>\n2. Pixeli: 2772 x 1280, 447 ppi<br \/>\n3. Rat\u0103 de re\u00eemprosp\u0103tare: 120 Hz<\/p>\n<p>Baterie:<br \/>\n1. Capacitate baterie: 5500 mAh<br \/>\n2. Putere de \u00eenc\u0103rcare: 67 W HyperCharge<br \/>\n3. Rapid \u00cenc\u0103rcare: Suport\u0103 PD3.0 \/ PD2.0<\/p>\n<p>Camere:<br \/>\n1. Camer\u0103 spate: 50MP + 50MP + 12MP<br \/>\n2. Camer\u0103 frontal\u0103: 32MP<\/p>\n<p>Band\u0103 de re\u021bea:<br \/>\n1. 5G: SA N1\/2\/3\/5\/7\/8\/12\/20\/26\/28\/38\/40\/41\/48\/66\/71\/75\/77\/78; NSA N1\/3\/5\/7\/8\/20\/28\/38\/40\/41\/66\/71\/75\/77\/78<br \/>\n2. 4G: FDD-LTE B1\/2\/3\/4\/5\/7\/8\/12\/13\/17\/18\/19\/20\/26\/28\/32\/66\/71; TDD-LTE: B38\/40\/41\/42\/48<br \/>\n3. 3G: WCDMA B1\/2\/4\/5\/8\/6\/19<br \/>\n4. 2G: GSM B2\/3\/5\/8<\/p>\n<p>Re\u021bea wireless:<br \/>\n1. WiFi: Wi-Fi 6E\/Wi-Fi 6, 2&#215;2 MIMO, WiFi Direct<br \/>\n2. BT: V6.0<br \/>\n3. Naviga\u021bie: GPS, Galileo, GLONASS, Beidou, QZSS, NavIC, A-GPS<br \/>\n4. Compatibilitate NFC<\/p>\n<p>Lista pachetului<br \/>\n1. Telefon x 1<br \/>\n2. Cablu USB Type-C x 1<br \/>\n3. Instrument de ejectare cartel\u0103 SIM x 1<br \/>\n4. Hus\u0103 de protec\u021bie x 1<br \/>\n5. Adaptor de alimentare x 1<br \/>\n6. Ghid de pornire rapid\u0103 \u0219i card de garan\u021bie x 1<br \/>\n(Prevaleaz\u0103 produsul real)<\/p>","protected":false},"excerpt":{"rendered":"<h4>Xiaomi 15T 12GB+256GB Negru<\/h4>\n<h5>Xiaomi 15T, 12GB+256GB, Amprent\u0103 pe Ecran, 6.83 inch Xiaomi HyperOS 2 MediaTek Dimensity 8400-Ultra Octa Core, NFC, Re\u021bea: 5G (Negru)<\/h5>","protected":false},"featured_media":1065,"comment_status":"closed","ping_status":"closed","template":"","meta":[],"product_brand":[54],"product_cat":[21,26],"product_tag":[],"class_list":{"0":"post-1064","1":"product","2":"type-product","3":"status-publish","4":"has-post-thumbnail","6":"product_brand-xiaomi","7":"product_cat-telefoane-mobile","8":"product_cat-xiaomi","10":"first","11":"instock","12":"taxable","13":"shipping-taxable","14":"purchasable","15":"product-type-simple"},"_links":{"self":[{"href":"https:\/\/telmag.ro\/en\/wp-json\/wp\/v2\/product\/1064","targetHints":{"allow":["GET"]}}],"collection":[{"href":"https:\/\/telmag.ro\/en\/wp-json\/wp\/v2\/product"}],"about":[{"href":"https:\/\/telmag.ro\/en\/wp-json\/wp\/v2\/types\/product"}],"replies":[{"embeddable":true,"href":"https:\/\/telmag.ro\/en\/wp-json\/wp\/v2\/comments?post=1064"}],"wp:featuredmedia":[{"embeddable":true,"href":"https:\/\/telmag.ro\/en\/wp-json\/wp\/v2\/media\/1065"}],"wp:attachment":[{"href":"https:\/\/telmag.ro\/en\/wp-json\/wp\/v2\/media?parent=1064"}],"wp:term":[{"taxonomy":"product_brand","embeddable":true,"href":"https:\/\/telmag.ro\/en\/wp-json\/wp\/v2\/product_brand?post=1064"},{"taxonomy":"product_cat","embeddable":true,"href":"https:\/\/telmag.ro\/en\/wp-json\/wp\/v2\/product_cat?post=1064"},{"taxonomy":"product_tag","embeddable":true,"href":"https:\/\/telmag.ro\/en\/wp-json\/wp\/v2\/product_tag?post=1064"}],"curies":[{"name":"wp","href":"https:\/\/api.w.org\/{rel}","templated":true}]}}