{"id":1089,"date":"2026-01-20T20:49:17","date_gmt":"2026-01-20T18:49:17","guid":{"rendered":"https:\/\/telmag.ro\/?post_type=product&#038;p=1089"},"modified":"2026-03-04T22:50:08","modified_gmt":"2026-03-04T20:50:08","slug":"honor-magic-v2-512gb-piele-vegana-neagra","status":"publish","type":"product","link":"https:\/\/telmag.ro\/en\/product\/honor-magic-v2-512gb-piele-vegana-neagra\/","title":{"rendered":"Honor Magic V2 512GB Piele vegan\u0103 neagr\u0103"},"content":{"rendered":"<h1>Honor Magic V2 512GB Piele vegan\u0103 neagr\u0103<\/h1>\n<p>&nbsp;<\/p>\n<ul class=\"IconListstyle__StyledIconList-sc-1ot58hm-0 dsNsRd\">\n<li class=\"IconListstyle__StyledIconListItem-sc-1ot58hm-1 gkNINZ\"><span class=\"UspListstyle__StyledUspListItem-sc-rsgkzp-1 hKEjMB\">camer\u0103 50 megapixeli, calitate video 4k<\/span><\/li>\n<li class=\"IconListstyle__StyledIconListItem-sc-1ot58hm-1 gkNINZ\"><span class=\"UspListstyle__StyledUspListItem-sc-rsgkzp-1 hKEjMB\">ecran OLED 7.92 inch<\/span><\/li>\n<li class=\"IconListstyle__StyledIconListItem-sc-1ot58hm-1 gkNINZ\"><span class=\"UspListstyle__StyledUspListItem-sc-rsgkzp-1 hKEjMB\">capacitate stocare 512 GB<\/span><\/li>\n<li class=\"IconListstyle__StyledIconListItem-sc-1ot58hm-1 gkNINZ\"><span class=\"UspListstyle__StyledUspListItem-sc-rsgkzp-1 hKEjMB\">capacitate baterie 4900 mAh<\/span><\/li>\n<li>Qualcomm Snapdragon 8 Gen 2<\/li>\n<\/ul>","protected":false},"excerpt":{"rendered":"<h1>Honor Magic V2 512GB Piele vegan\u0103 neagr\u0103<\/h1>","protected":false},"featured_media":1090,"comment_status":"closed","ping_status":"closed","template":"","meta":[],"product_brand":[60],"product_cat":[59,21],"product_tag":[],"class_list":{"0":"post-1089","1":"product","2":"type-product","3":"status-publish","4":"has-post-thumbnail","6":"product_brand-honor","7":"product_cat-honor","8":"product_cat-telefoane-mobile","10":"first","11":"instock","12":"taxable","13":"shipping-taxable","14":"purchasable","15":"product-type-simple"},"_links":{"self":[{"href":"https:\/\/telmag.ro\/en\/wp-json\/wp\/v2\/product\/1089","targetHints":{"allow":["GET"]}}],"collection":[{"href":"https:\/\/telmag.ro\/en\/wp-json\/wp\/v2\/product"}],"about":[{"href":"https:\/\/telmag.ro\/en\/wp-json\/wp\/v2\/types\/product"}],"replies":[{"embeddable":true,"href":"https:\/\/telmag.ro\/en\/wp-json\/wp\/v2\/comments?post=1089"}],"wp:featuredmedia":[{"embeddable":true,"href":"https:\/\/telmag.ro\/en\/wp-json\/wp\/v2\/media\/1090"}],"wp:attachment":[{"href":"https:\/\/telmag.ro\/en\/wp-json\/wp\/v2\/media?parent=1089"}],"wp:term":[{"taxonomy":"product_brand","embeddable":true,"href":"https:\/\/telmag.ro\/en\/wp-json\/wp\/v2\/product_brand?post=1089"},{"taxonomy":"product_cat","embeddable":true,"href":"https:\/\/telmag.ro\/en\/wp-json\/wp\/v2\/product_cat?post=1089"},{"taxonomy":"product_tag","embeddable":true,"href":"https:\/\/telmag.ro\/en\/wp-json\/wp\/v2\/product_tag?post=1089"}],"curies":[{"name":"wp","href":"https:\/\/api.w.org\/{rel}","templated":true}]}}