{"id":1210,"date":"2026-01-22T22:31:34","date_gmt":"2026-01-22T20:31:34","guid":{"rendered":"https:\/\/telmag.ro\/?post_type=product&#038;p=1210"},"modified":"2026-03-03T23:33:00","modified_gmt":"2026-03-03T21:33:00","slug":"model-x-2gb16gb-negru","status":"publish","type":"product","link":"https:\/\/telmag.ro\/en\/product\/model-x-2gb16gb-negru\/","title":{"rendered":"Model X 2GB+16GB Negru"},"content":{"rendered":"<h1>Model X 2GB+16GB Negru<\/h1>\n<p>&nbsp;<\/p>\n<p>1. CPU: Spreadtrum 9832E +2822 octa-core 1.4GHz 4G-LTE<br \/>\n2. RAM: 2GB\/4GB, ROM: 16GB\/128GB<br \/>\n3. Camer\u0103 frontal\u0103: 5 milioane de pixeli<br \/>\n4. Camer\u0103 lateral\u0103: 13 milioane de pixeli<br \/>\n5. Baterie: 1050mAh<br \/>\n6. Re\u021bea: re\u021bea GSM LTE WCDMA+<br \/>\n7. Sistem: Android 9.0<br \/>\n8. Pozi\u021bionare: GPS, Beidou Glonass+Galileo<br \/>\n9. Versiune Bluetooth: 5.3<br \/>\n10. Material carcas\u0103: LDS<br \/>\n11. Ram\u0103 + carcas\u0103 superioar\u0103 \u0219i inferioar\u0103: mat\u0103<br \/>\n12. Material curea: silicon\/cauciuc Buddha<br \/>\n13. Dimensiunea ecranului: 1.99 inci, rezolu\u021bie: 400&#215;454<br \/>\n14. Timp de \u00eenc\u0103rcare: 2 ore<br \/>\n15. Timp de utilizare: 24-36 ore<br \/>\n16. Timp de a\u0219teptare: 5-7 zile<br \/>\n17. Grad de impermeabilitate: IP68<br \/>\n18. Cartel\u0103 telefon mobil: Cartel\u0103 Nano SIM<br \/>\n19. Band\u0103 de frecven\u021b\u0103 a re\u021belei:<br \/>\n&#8211; TDD-LTE: B38(2600MHZ),B39(1900)B40(2300)B41(2500)<br \/>\n&#8211; FDD-LTE B1(2100) B2(1900) B3(1800) B5(850) B7(2600) B8(900) B12(700) B17(700) B20(800)<br \/>\n&#8211; WCDMA: B1(2100)B5(850)B2(1900)<br \/>\n&#8211; GSM: B2(1900),B3(1800)B5(850)B8(900)<br \/>\n20. Format fi\u0219ier audio: MP3, WMA, FLAC<br \/>\n21. Format fi\u0219ier video: MP4 RMVB, RM<br \/>\n22. Format imagine: JPG, PNG, Gif<br \/>\n23. Transmisie date: Pogo pin<br \/>\n24. Limbi: Chinez\u0103 simplificat\u0103, Englez\u0103, Italian\u0103, Francez\u0103, German\u0103, Spaniol\u0103, Portughez\u0103, Rus\u0103, Japonez\u0103, Thailandez\u0103, Arab\u0103, Coreean\u0103, Greac\u0103, Coreean\u0103, Olandez\u0103, Vietnamez\u0103, Filipinez\u0103, Danez\u0103<br \/>\n25. Alte func\u021bii: \u00eenregistrator vocal, calendar, c\u0103utare vocal\u0103, recunoa\u0219tere facial\u0103, chat video, pedometru, m\u0103surare ritm cardiac, mesaj, hart\u0103, func\u021bie de sincronizare muzical\u0103, meteo, alarm\u0103, Google APP<br \/>\n26. Dimensiunea ceasului: 55x45x18mm<br \/>\n27. Curea: 26.7mm<br \/>\n28. Greutate: 92.5g<br \/>\n29. Con\u021binut:<br \/>\n&#8211; Ceas inteligent x 1<br \/>\n&#8211; Curea x 1<br \/>\n&#8211; \u0218urubelni\u021b\u0103 x 1<br \/>\n&#8211; Cablu de date x 1<br \/>\n&#8211; Protec\u021bie ecran x 1<\/p>","protected":false},"excerpt":{"rendered":"<h1>Model X 2GB+16GB Negru<\/h1>\n<h4><\/h4>\n<h4>Model X Smart Watch Ceramic 1.99 inch IP68 Rezistent la Ap\u0103 Android 9.0 4G 2 Camere, Specifica\u021bii:2GB+16GB(Negru)<\/h4>","protected":false},"featured_media":1207,"comment_status":"closed","ping_status":"closed","template":"","meta":[],"product_brand":[76],"product_cat":[75,24],"product_tag":[],"class_list":{"0":"post-1210","1":"product","2":"type-product","3":"status-publish","4":"has-post-thumbnail","6":"product_brand-rogbid","7":"product_cat-rogbid","8":"product_cat-smartwatch","10":"first","11":"instock","12":"taxable","13":"shipping-taxable","14":"purchasable","15":"product-type-simple"},"_links":{"self":[{"href":"https:\/\/telmag.ro\/en\/wp-json\/wp\/v2\/product\/1210","targetHints":{"allow":["GET"]}}],"collection":[{"href":"https:\/\/telmag.ro\/en\/wp-json\/wp\/v2\/product"}],"about":[{"href":"https:\/\/telmag.ro\/en\/wp-json\/wp\/v2\/types\/product"}],"replies":[{"embeddable":true,"href":"https:\/\/telmag.ro\/en\/wp-json\/wp\/v2\/comments?post=1210"}],"wp:featuredmedia":[{"embeddable":true,"href":"https:\/\/telmag.ro\/en\/wp-json\/wp\/v2\/media\/1207"}],"wp:attachment":[{"href":"https:\/\/telmag.ro\/en\/wp-json\/wp\/v2\/media?parent=1210"}],"wp:term":[{"taxonomy":"product_brand","embeddable":true,"href":"https:\/\/telmag.ro\/en\/wp-json\/wp\/v2\/product_brand?post=1210"},{"taxonomy":"product_cat","embeddable":true,"href":"https:\/\/telmag.ro\/en\/wp-json\/wp\/v2\/product_cat?post=1210"},{"taxonomy":"product_tag","embeddable":true,"href":"https:\/\/telmag.ro\/en\/wp-json\/wp\/v2\/product_tag?post=1210"}],"curies":[{"name":"wp","href":"https:\/\/api.w.org\/{rel}","templated":true}]}}