{"id":1211,"date":"2026-01-22T22:37:50","date_gmt":"2026-01-22T20:37:50","guid":{"rendered":"https:\/\/telmag.ro\/?post_type=product&#038;p=1211"},"modified":"2026-03-03T23:29:08","modified_gmt":"2026-03-03T21:29:08","slug":"rogbid-tank-s2-negru","status":"publish","type":"product","link":"https:\/\/telmag.ro\/en\/product\/rogbid-tank-s2-negru\/","title":{"rendered":"Rogbid Tank S2 Negru"},"content":{"rendered":"<h1>Rogbid Tank S2 Negru<\/h1>\n<p>&nbsp;<\/p>\n<p>1. Accept\u0103 apeluri Bluetooth, detectarea ritmului cardiac, detectarea oxigenului din s\u00e2nge, detectarea tensiunii arteriale, afi\u0219area orei, num\u0103rarea pa\u0219ilor, caloriile, distan\u021ba, ritmul cardiac, moduri sportive multiple (peste 100 de moduri), monitorizarea somnului (timp de somn, calitatea somnului), notificare apeluri primite, memento informa\u021bii, push multilingv, memento sarcini (memento sedentar), control muzic\u0103, sincronizare date cu APK\/APP<br \/>\n2. Cerin\u021be de sistem: Android 5.0 \u0219i versiuni ulterioare, IOS 10.0 \u0219i versiuni ulterioare<br \/>\n3. Br\u0103\u021bara accept\u0103 limbi: chinez\u0103, ceh\u0103, englez\u0103, german\u0103, polonez\u0103, spaniol\u0103, japonez\u0103, francez\u0103, rus\u0103, arab\u0103, ucrainean\u0103, italian\u0103, portughez\u0103<br \/>\n4. Limbi suportate prin push: chinez\u0103, ceh\u0103, englez\u0103, german\u0103, polonez\u0103, spaniol\u0103, japonez\u0103, francez\u0103, rus\u0103, arab\u0103, ucrainean\u0103, italian\u0103, portughez\u0103<br \/>\n5. Control principal (CPU): RTL8763EWE<br \/>\n6. Memorie (RAM+ROM): RAM256KB+ROM192KB, expansiune extern\u0103 FLASH 128Mb<br \/>\n7. Afi\u0219aj ecran: ecran LCD IPS de 1,83 inch, rezolu\u021bie: 240&#215;284<br \/>\n8. Luminozitate afi\u0219aj: peste 400 lumeni<br \/>\n9. Ecran tactil: proces G+F<br \/>\n10. Material: carcas\u0103 din aliaj de zinc + carcas\u0103 inferioar\u0103 din PC + curea TPU<br \/>\n11. Versiune Bluetooth: Bluetooth 5.0<br \/>\n12. Capacitate baterie: baterie polimer litiu 450mAh<br \/>\n13. Timp de a\u0219teptare: 45 de zile<br \/>\n14. Timp de func\u021bionare: aproximativ 10 zile<br \/>\n15. Timp de \u00eenc\u0103rcare: 3 ore<br \/>\n16. Senzor ritm cardiac: HX3605<br \/>\n17. Cablu de \u00eenc\u0103rcare: \u00eenc\u0103rcare cu cablu de aspira\u021bie magnetic\u0103, cu protec\u021bie patch IC=<br \/>\n18. Difuzor: difuzor impermeabil 1508<br \/>\n19. Microfon: microfon impermeabil TMG4015FS-W38<br \/>\n20. Grad de impermeabilitate: IP68<br \/>\n21. Alimentare: \u00eenc\u0103rcare 1A sau mai pu\u021bin de 1A<br \/>\n22. Aplica\u021bie: Da Fit<br \/>\n23. Dimensiune: 50.9&#215;39.6&#215;13.2mm<br \/>\n24. Greutate: 66.5g<\/p>","protected":false},"excerpt":{"rendered":"<h1>Rogbid Tank S2 Negru<\/h1>\n<h4><\/h4>\n<h4>Rogbid Tank S2 Smart Watch 1.83 inch Ecran IPS, Suport\u0103 Apel Bluetooth \/ Tensiunea Arterial\u0103 \/ Monitorizarea Somnului(Negru)<\/h4>","protected":false},"featured_media":1212,"comment_status":"closed","ping_status":"closed","template":"","meta":[],"product_brand":[76],"product_cat":[75,24],"product_tag":[],"class_list":{"0":"post-1211","1":"product","2":"type-product","3":"status-publish","4":"has-post-thumbnail","6":"product_brand-rogbid","7":"product_cat-rogbid","8":"product_cat-smartwatch","10":"first","11":"instock","12":"taxable","13":"shipping-taxable","14":"purchasable","15":"product-type-simple"},"_links":{"self":[{"href":"https:\/\/telmag.ro\/en\/wp-json\/wp\/v2\/product\/1211","targetHints":{"allow":["GET"]}}],"collection":[{"href":"https:\/\/telmag.ro\/en\/wp-json\/wp\/v2\/product"}],"about":[{"href":"https:\/\/telmag.ro\/en\/wp-json\/wp\/v2\/types\/product"}],"replies":[{"embeddable":true,"href":"https:\/\/telmag.ro\/en\/wp-json\/wp\/v2\/comments?post=1211"}],"wp:featuredmedia":[{"embeddable":true,"href":"https:\/\/telmag.ro\/en\/wp-json\/wp\/v2\/media\/1212"}],"wp:attachment":[{"href":"https:\/\/telmag.ro\/en\/wp-json\/wp\/v2\/media?parent=1211"}],"wp:term":[{"taxonomy":"product_brand","embeddable":true,"href":"https:\/\/telmag.ro\/en\/wp-json\/wp\/v2\/product_brand?post=1211"},{"taxonomy":"product_cat","embeddable":true,"href":"https:\/\/telmag.ro\/en\/wp-json\/wp\/v2\/product_cat?post=1211"},{"taxonomy":"product_tag","embeddable":true,"href":"https:\/\/telmag.ro\/en\/wp-json\/wp\/v2\/product_tag?post=1211"}],"curies":[{"name":"wp","href":"https:\/\/api.w.org\/{rel}","templated":true}]}}