{"id":1213,"date":"2026-01-22T22:41:42","date_gmt":"2026-01-22T20:41:42","guid":{"rendered":"https:\/\/telmag.ro\/?post_type=product&#038;p=1213"},"modified":"2026-03-03T23:25:36","modified_gmt":"2026-03-03T21:25:36","slug":"rogbid-brave-3","status":"publish","type":"product","link":"https:\/\/telmag.ro\/en\/product\/rogbid-brave-3\/","title":{"rendered":"Rogbid Brave 3"},"content":{"rendered":"<h1>Rogbid Brave 3<\/h1>\n<p>&nbsp;<\/p>\n<p>Descriere<br \/>\n1. Suport\u0103 monitorizarea ritmului cardiac, monitorizarea oxigenului din s\u00e2nge, monitorizarea somnului, antrenamentul respirator, modul multi-sport, recunoa\u0219terea fe\u021bei, meteo, pa\u0219i, pia\u021b\u0103 de apelare, pia\u021b\u0103 de aplica\u021bii, \u0219tiri, g\u0103sire telefon\/g\u0103sire ceas, control muzic\u0103, fotografiere de la distan\u021b\u0103, lantern\u0103, ceas, set\u0103ri apelare, stil meniu, SMS, telefon, contacte, set\u0103ri, gestionare fi\u0219iere, calculator, browser, \u00eenregistrare audio, calendar, e-mail, c\u0103utare, video, galerie, desc\u0103rcare, muzic\u0103, alarm\u0103, camer\u0103, actualizare online OTA, plat\u0103 mobil\u0103, metod\u0103 de introducere a datelor, sincronizare telefon, format video. 2. Sistem de operare: Android 10<br \/>\n3. Tip procesor: Smartphone baseband cu LTE, Quad Core 1.4GHz + Quad Core 600MHz, FDD-LET, TDD-LTE, TDS-CDMA, WCDMA, GSM, 5<br \/>\nMod, BGA774, 13&#215;12.6&#215;0.9mm, SC9832E<br \/>\n4. Memorie: 64GB+4GB<br \/>\n5. WIFI: 2.4GHz<br \/>\n6. Bluetooth: BT4.1<br \/>\n7. Loca\u021bie: GPS\/BD\/GLONASS<br \/>\n8. Ecran: TFT de 1.99 inch (400&#215;454)<br \/>\n9. Ecran tactil: 2 puncte<br \/>\n10. Camer\u0103 frontal\u0103: 2.0M, camer\u0103 spate: 5.0M<br \/>\n11. Re\u021bea 2G: GSM:B2\/3\/5\/8<br \/>\n12. Re\u021bea 3G: WCDMA:B1\/2\/4\/5\/8<br \/>\n13. Re\u021bea 4G: LTE: B1\/B2\/B3\/B5\/B7\/B8\/B28\/34\/B38\/B39\/B40\/B41(100M)<br \/>\n14. Anten\u0103: LDS<br \/>\n15. Tip baterie: Baterie Li-ion 850mAh<br \/>\n16. Adaptor de alimentare: Tip-C 5V-1A<br \/>\n17. Buton: 2 taste<br \/>\n18. Formate audio: MP3\/AAC\/AAC+\/WMA\/DRA\/AMR-NB<br \/>\n19. Format imagine: JPG, JPEG, BMP<br \/>\n20. Formate video: 1920&#215;1080 30fps;(H.264\/MPEG4) Encoder MPEG4, Encoder H.264, Decoder MPEG4, Decoder H.263, Decoder VP8, Decoder H.264<br \/>\n21. Material: Curea din silicon, carcas\u0103 din aliaj de aluminiu<\/p>","protected":false},"excerpt":{"rendered":"<h1>Rogbid Brave 3<\/h1>\n<h4><\/h4>\n<h4>Rogbid Brave 3 Smart Watch 1.99 inch Ecran TFT Android 10 LTE 4G, Suport\u0103 Recunoa\u0219tere Facial\u0103<\/h4>","protected":false},"featured_media":1214,"comment_status":"closed","ping_status":"closed","template":"","meta":[],"product_brand":[76],"product_cat":[75,24],"product_tag":[],"class_list":{"0":"post-1213","1":"product","2":"type-product","3":"status-publish","4":"has-post-thumbnail","6":"product_brand-rogbid","7":"product_cat-rogbid","8":"product_cat-smartwatch","10":"first","11":"instock","12":"taxable","13":"shipping-taxable","14":"purchasable","15":"product-type-simple"},"_links":{"self":[{"href":"https:\/\/telmag.ro\/en\/wp-json\/wp\/v2\/product\/1213","targetHints":{"allow":["GET"]}}],"collection":[{"href":"https:\/\/telmag.ro\/en\/wp-json\/wp\/v2\/product"}],"about":[{"href":"https:\/\/telmag.ro\/en\/wp-json\/wp\/v2\/types\/product"}],"replies":[{"embeddable":true,"href":"https:\/\/telmag.ro\/en\/wp-json\/wp\/v2\/comments?post=1213"}],"wp:featuredmedia":[{"embeddable":true,"href":"https:\/\/telmag.ro\/en\/wp-json\/wp\/v2\/media\/1214"}],"wp:attachment":[{"href":"https:\/\/telmag.ro\/en\/wp-json\/wp\/v2\/media?parent=1213"}],"wp:term":[{"taxonomy":"product_brand","embeddable":true,"href":"https:\/\/telmag.ro\/en\/wp-json\/wp\/v2\/product_brand?post=1213"},{"taxonomy":"product_cat","embeddable":true,"href":"https:\/\/telmag.ro\/en\/wp-json\/wp\/v2\/product_cat?post=1213"},{"taxonomy":"product_tag","embeddable":true,"href":"https:\/\/telmag.ro\/en\/wp-json\/wp\/v2\/product_tag?post=1213"}],"curies":[{"name":"wp","href":"https:\/\/api.w.org\/{rel}","templated":true}]}}