{"id":1217,"date":"2026-01-22T22:50:34","date_gmt":"2026-01-22T20:50:34","guid":{"rendered":"https:\/\/telmag.ro\/?post_type=product&#038;p=1217"},"modified":"2026-03-03T23:18:36","modified_gmt":"2026-03-03T21:18:36","slug":"rrogbid-king-4gb128gb-negru","status":"publish","type":"product","link":"https:\/\/telmag.ro\/en\/product\/rrogbid-king-4gb128gb-negru\/","title":{"rendered":"ROGBID KING 4GB+128GB Negru"},"content":{"rendered":"<h1>ROGBID KING 4GB+128GB Negru<\/h1>\n<p>&nbsp;<\/p>\n<p>1. CPU: SC9832+NRF2822<br \/>\n2. RAM: 2GB\/4GB<br \/>\n3. ROM: 16GB\/128G<br \/>\n4. Camer\u0103 (frontal\u0103\/lateral\u0103): 5MP \/ 8MP<br \/>\n5. Baterie: 850mAh<br \/>\n6. Re\u021bea: 4G-LTE TDDLTE+FDDLTE<br \/>\n7. Sistem: Android 9.1<br \/>\n8. Pozi\u021bionare: GPS+GLONASS<br \/>\n9. Senzor: senzor de oxigen din s\u00e2nge<br \/>\n10. Bluetooth: V5.0<br \/>\n11. Material carcas\u0103: ceramic\u0103<br \/>\n12. Material cadran: sticl\u0103<br \/>\n13. Material curea: silicon<br \/>\n14. Ecran: 1,75 inci, rezolu\u021bie 320&#215;385<br \/>\n15. Timp de \u00eenc\u0103rcare: 1,5 ore<br \/>\n16. Timp de utilizare: 24 de ore<br \/>\n17. Timp de a\u0219teptare: 7-10 zile<br \/>\n18. Rezistent la ap\u0103: IP67<br \/>\n19. Cartel\u0103 SIM: Cartel\u0103 Nano SIM<br \/>\n20. Band\u0103 de re\u021bea:<br \/>\n&#8211; FDD LTE: B1(2100)B2(1900)B3(1800)B5(850)B7(2600)B8(900)B12(700)B17(700)B20(800)<br \/>\n&#8211; WCDMA: B1(2100)B5(850)B2(1900)<br \/>\n&#8211; GSM: B2(1900)B3(1800) B5(850) B8(900)<br \/>\n21. Format audio: MP3, WMA, FLAC<br \/>\n22. Format video: MP4 RMVB, RM<br \/>\n23. Format imagine: JPG, PNG, Gif<br \/>\n24. Metod\u0103 de transmitere a datelor: Pogo pin<br \/>\n25. Limbi: Chinez\u0103 simplificat\u0103, Englez\u0103, Italian\u0103, Francez\u0103, German\u0103, Spaniol\u0103, Portughez\u0103, Rus\u0103, Japonez\u0103, Thailandez\u0103, Arab\u0103, Coreean\u0103, Greac\u0103, Coreean\u0103, Olandez\u0103, Tagalog, Danez\u0103<br \/>\n26. Alte func\u021bii: \u00eenregistrator vocal, calendar, c\u0103utare vocal\u0103, detectare facial\u0103 recunoa\u0219tere, chat video, pedometru, ritm cardiac, informa\u021bii, hart\u0103, func\u021bie de sincronizare muzic\u0103, meteo, alarm\u0103, aplica\u021bia Google<br \/>\n27. Dimensiuni: 50,4&#215;41 mm<br \/>\n28. Grosime: 16,1 mm<br \/>\n29. L\u0103\u021bime curea: 22 mm<br \/>\n30. Greutate net\u0103 ceas: 90 g<br \/>\n31. List\u0103 de ambalare<br \/>\n&#8211; Ceas x 1<br \/>\n&#8211; Manual de utilizare x 1<br \/>\n&#8211; Cablu de date magnetic cu 5 pini x 1<br \/>\n&#8211; \u0218urubelni\u021b\u0103 x 1<\/p>","protected":false},"excerpt":{"rendered":"<h1>ROGBID KING 4GB+128GB Negru<\/h1>\n<h4><\/h4>\n<h4>ROGBID KING Smart Watch Ecran 1.75 inch 4G LTE Android 9.1OS 4GB+128GB(Negru)<\/h4>","protected":false},"featured_media":1218,"comment_status":"closed","ping_status":"closed","template":"","meta":[],"product_brand":[76],"product_cat":[75,24],"product_tag":[],"class_list":{"0":"post-1217","1":"product","2":"type-product","3":"status-publish","4":"has-post-thumbnail","6":"product_brand-rogbid","7":"product_cat-rogbid","8":"product_cat-smartwatch","10":"first","11":"instock","12":"taxable","13":"shipping-taxable","14":"purchasable","15":"product-type-simple"},"_links":{"self":[{"href":"https:\/\/telmag.ro\/en\/wp-json\/wp\/v2\/product\/1217","targetHints":{"allow":["GET"]}}],"collection":[{"href":"https:\/\/telmag.ro\/en\/wp-json\/wp\/v2\/product"}],"about":[{"href":"https:\/\/telmag.ro\/en\/wp-json\/wp\/v2\/types\/product"}],"replies":[{"embeddable":true,"href":"https:\/\/telmag.ro\/en\/wp-json\/wp\/v2\/comments?post=1217"}],"wp:featuredmedia":[{"embeddable":true,"href":"https:\/\/telmag.ro\/en\/wp-json\/wp\/v2\/media\/1218"}],"wp:attachment":[{"href":"https:\/\/telmag.ro\/en\/wp-json\/wp\/v2\/media?parent=1217"}],"wp:term":[{"taxonomy":"product_brand","embeddable":true,"href":"https:\/\/telmag.ro\/en\/wp-json\/wp\/v2\/product_brand?post=1217"},{"taxonomy":"product_cat","embeddable":true,"href":"https:\/\/telmag.ro\/en\/wp-json\/wp\/v2\/product_cat?post=1217"},{"taxonomy":"product_tag","embeddable":true,"href":"https:\/\/telmag.ro\/en\/wp-json\/wp\/v2\/product_tag?post=1217"}],"curies":[{"name":"wp","href":"https:\/\/api.w.org\/{rel}","templated":true}]}}