{"id":1219,"date":"2026-01-22T22:55:09","date_gmt":"2026-01-22T20:55:09","guid":{"rendered":"https:\/\/telmag.ro\/?post_type=product&#038;p=1219"},"modified":"2026-03-03T23:01:58","modified_gmt":"2026-03-03T21:01:58","slug":"rogbid-rowatch-2-negru","status":"publish","type":"product","link":"https:\/\/telmag.ro\/en\/product\/rogbid-rowatch-2-negru\/","title":{"rendered":"Rogbid Rowatch 2 Negru"},"content":{"rendered":"<h1>Rogbid Rowatch 2 Negru<\/h1>\n<p>&nbsp;<\/p>\n<p>1. Dimensiunea ecranului: ecran TFT p\u0103trat de 1,69 inci<br \/>\n2. Material: ABS+PC, aliaj de zinc, galvanizare, sticl\u0103, silicon<br \/>\n3. Cip principal Nordic 52832<br \/>\n4. Accelerometru: SC7A20<br \/>\n5. Senzor de ritm cardiac PPG: HRS3300<br \/>\n6. Circuit integrat tactil: Sea Oak 716S<br \/>\n7. Rezolu\u021bie: 240*280<br \/>\n8. Dimensiunea bli\u021bului: 64M<br \/>\n9. Versiune Bluetooth: BLE5.0<br \/>\n10. Anten\u0103: FPC<br \/>\n11. Capacitatea bateriei: 200mAh 352226<br \/>\n12. Metod\u0103 de \u00eenc\u0103rcare: \u00eenc\u0103rcare prin linie de aspira\u021bie magnetic\u0103<br \/>\n13. Grad de impermeabilitate: IP67<br \/>\n14. Timp de a\u0219teptare: 30 de zile<br \/>\n15. Timp de utilizare: aproximativ 5-7 zile (\u00een func\u021bie de utilizare)<br \/>\n16. Sistem de telefonie mobil\u0103 compatibil: Android 5.0 \u0219i versiuni ulterioare, IOS 9.0 \u0219i versiuni ulterioare, suport\u0103 Bluetooth 4.0<br \/>\n17. Limbi acceptate de br\u0103\u021bar\u0103: Chinez\u0103, chinez\u0103 tradi\u021bional\u0103, englez\u0103, german\u0103, coreean\u0103, spaniol\u0103, japonez\u0103, francez\u0103, rus\u0103, arab\u0103, ucrainean\u0103, italian\u0103, portughez\u0103<br \/>\n18. Limb\u0103 de afi\u0219are a aplica\u021biei: chinez\u0103 simplificat\u0103, englez\u0103, italian\u0103, francez\u0103, german\u0103, spaniol\u0103, portughez\u0103, rus\u0103, japonez\u0103, thailandez\u0103, arab\u0103, coreean\u0103<br \/>\n19. Limb\u0103 de ac\u021bionare a br\u0103\u021b\u0103rii: chinez\u0103, chinez\u0103 tradi\u021bional\u0103, englez\u0103, german\u0103, coreean\u0103, spaniol\u0103, japonez\u0103, francez\u0103, rus\u0103, arab\u0103, ucrainean\u0103, italian\u0103, portughez\u0103<br \/>\n20. Func\u021bii: monitorizarea tensiunii arteriale, monitorizarea somnului, monitorizarea tensiunii arteriale \u0219i a oxigenului, calcularea pa\u0219ilor, distan\u021ba parcurs\u0103 la exerci\u021bii fizice, consumul de calorii, ridicarea m\u00e2inii pentru iluminarea ecranului, memento alarm\u0103, memento apel, memento SMS, notificare mesaj, memento sedentarism, cronometru, control muzic\u0103, control camer\u0103, vreme etc.<br \/>\n21. Dimensiunea produsului: 43,7&#215;35,4&#215;10,3 mm<br \/>\n22. Greutate: 48,8 g<\/p>","protected":false},"excerpt":{"rendered":"<h1>Rogbid Rowatch 2 Negru<\/h1>\n<h4><\/h4>\n<h4>Rogbid Rowatch 2 Smart Watch Ecran TFT de 1.69 inch, Suport\u0103 Monitorizarea Tensiunii Arteriale\/Monitorizarea Somnului(Negru)<\/h4>","protected":false},"featured_media":1220,"comment_status":"closed","ping_status":"closed","template":"","meta":[],"product_brand":[76],"product_cat":[75,24],"product_tag":[],"class_list":{"0":"post-1219","1":"product","2":"type-product","3":"status-publish","4":"has-post-thumbnail","6":"product_brand-rogbid","7":"product_cat-rogbid","8":"product_cat-smartwatch","10":"first","11":"instock","12":"taxable","13":"shipping-taxable","14":"purchasable","15":"product-type-simple"},"_links":{"self":[{"href":"https:\/\/telmag.ro\/en\/wp-json\/wp\/v2\/product\/1219","targetHints":{"allow":["GET"]}}],"collection":[{"href":"https:\/\/telmag.ro\/en\/wp-json\/wp\/v2\/product"}],"about":[{"href":"https:\/\/telmag.ro\/en\/wp-json\/wp\/v2\/types\/product"}],"replies":[{"embeddable":true,"href":"https:\/\/telmag.ro\/en\/wp-json\/wp\/v2\/comments?post=1219"}],"wp:featuredmedia":[{"embeddable":true,"href":"https:\/\/telmag.ro\/en\/wp-json\/wp\/v2\/media\/1220"}],"wp:attachment":[{"href":"https:\/\/telmag.ro\/en\/wp-json\/wp\/v2\/media?parent=1219"}],"wp:term":[{"taxonomy":"product_brand","embeddable":true,"href":"https:\/\/telmag.ro\/en\/wp-json\/wp\/v2\/product_brand?post=1219"},{"taxonomy":"product_cat","embeddable":true,"href":"https:\/\/telmag.ro\/en\/wp-json\/wp\/v2\/product_cat?post=1219"},{"taxonomy":"product_tag","embeddable":true,"href":"https:\/\/telmag.ro\/en\/wp-json\/wp\/v2\/product_tag?post=1219"}],"curies":[{"name":"wp","href":"https:\/\/api.w.org\/{rel}","templated":true}]}}