{"id":1221,"date":"2026-01-22T22:59:57","date_gmt":"2026-01-22T20:59:57","guid":{"rendered":"https:\/\/telmag.ro\/?post_type=product&#038;p=1221"},"modified":"2026-03-03T23:03:36","modified_gmt":"2026-03-03T21:03:36","slug":"rogbid-rowatch-1-negru","status":"publish","type":"product","link":"https:\/\/telmag.ro\/en\/product\/rogbid-rowatch-1-negru\/","title":{"rendered":"Rogbid Rowatch 1 Negru"},"content":{"rendered":"<h1>Rogbid Rowatch 1 Negru<\/h1>\n<p>&nbsp;<\/p>\n<p>Descriere<br \/>\n1. Dimensiunea ecranului: ecran p\u0103trat IPS de 1,4 inci<br \/>\n2. Material: ABS+PC, injec\u021bie de combustibil, aliaj de zinc, galvanizare, sticl\u0103, silicon<br \/>\n3. Cip principal: Nordic 52832<br \/>\n4. Accelerometru: BMA421<br \/>\n5. Senzor de ritm cardiac PPG: HRS3300<br \/>\n6. Circuit integrat tactil: Sea Oak 816S<br \/>\n7. Rezolu\u021bie: 240*240<br \/>\n8. Dimensiune bli\u021b: 32M<br \/>\n9. Versiune Bluetooth: BLE4.0<br \/>\n10. Anten\u0103 Bluetooth: anten\u0103 patch ceramic\u0103<br \/>\n11. Tip baterie: Polimer<br \/>\n12. Capacitate baterie: 180mAh 402121<br \/>\n13. Metod\u0103 de \u00eenc\u0103rcare: \u00eenc\u0103rcare prin linie de aspira\u021bie magnetic\u0103<br \/>\n14. Sistem de telefonie mobil\u0103 compatibil: Android 5.0 \u0219i versiuni ulterioare, IOS 9.0 \u0219i versiuni ulterioare, suport\u0103 Bluetooth 4.0<br \/>\n15. Limbi acceptate de br\u0103\u021bar\u0103: chinez\u0103, chinez\u0103 tradi\u021bional\u0103, englez\u0103, german\u0103, coreean\u0103, spaniol\u0103, japonez\u0103, francez\u0103, rus\u0103, arab\u0103, ucrainean\u0103, italian\u0103 Portughez\u0103<br \/>\n16. Limb\u0103 de afi\u0219are a aplica\u021biei: chinez\u0103 simplificat\u0103, englez\u0103, italian\u0103, francez\u0103, german\u0103, spaniol\u0103, portughez\u0103, rus\u0103, japonez\u0103, thailandez\u0103, arab\u0103, coreean\u0103<br \/>\n17. Limb\u0103 de ac\u021bionare a br\u0103\u021b\u0103rii: chinez\u0103, chinez\u0103 tradi\u021bional\u0103, englez\u0103, german\u0103, coreean\u0103, spaniol\u0103, japonez\u0103, francez\u0103, rus\u0103, arab\u0103, ucrainean\u0103, italian\u0103, portughez\u0103<br \/>\n18. Func\u021bii: monitorizarea tensiunii arteriale, monitorizarea somnului, monitorizarea tensiunii arteriale \u0219i a oxigenului, calcularea num\u0103rului de pa\u0219i, distan\u021ba parcurs\u0103 prin exerci\u021bii fizice, consumul de calorii, ridicarea m\u00e2inii pentru a lumina ecranul, memento alarm\u0103, memento apel, memento SMS, notificare mesaj, memento sedentarism, cronometru, control muzic\u0103, control camer\u0103, vreme etc.<br \/>\n19. Dimensiuni: 42,5&#215;36,3&#215;9,6 mm<br \/>\n20. Greutate: 43,9 g<\/p>\n<p>&nbsp;<\/p>\n<p>&nbsp;<\/p>","protected":false},"excerpt":{"rendered":"<h1>Rogbid Rowatch 1 Negru<\/h1>\n<h5><\/h5>\n<h4>Rogbid Rowatch 1 Smart Watch Ecran IPS de 1.4 inch, Suport\u0103 Monitorizarea Tensiunii Arteriale\/Monitorizarea Somnului(Negru)<\/h4>","protected":false},"featured_media":1222,"comment_status":"closed","ping_status":"closed","template":"","meta":[],"product_brand":[76],"product_cat":[75,24],"product_tag":[],"class_list":{"0":"post-1221","1":"product","2":"type-product","3":"status-publish","4":"has-post-thumbnail","6":"product_brand-rogbid","7":"product_cat-rogbid","8":"product_cat-smartwatch","10":"first","11":"instock","12":"taxable","13":"shipping-taxable","14":"purchasable","15":"product-type-simple"},"_links":{"self":[{"href":"https:\/\/telmag.ro\/en\/wp-json\/wp\/v2\/product\/1221","targetHints":{"allow":["GET"]}}],"collection":[{"href":"https:\/\/telmag.ro\/en\/wp-json\/wp\/v2\/product"}],"about":[{"href":"https:\/\/telmag.ro\/en\/wp-json\/wp\/v2\/types\/product"}],"replies":[{"embeddable":true,"href":"https:\/\/telmag.ro\/en\/wp-json\/wp\/v2\/comments?post=1221"}],"wp:featuredmedia":[{"embeddable":true,"href":"https:\/\/telmag.ro\/en\/wp-json\/wp\/v2\/media\/1222"}],"wp:attachment":[{"href":"https:\/\/telmag.ro\/en\/wp-json\/wp\/v2\/media?parent=1221"}],"wp:term":[{"taxonomy":"product_brand","embeddable":true,"href":"https:\/\/telmag.ro\/en\/wp-json\/wp\/v2\/product_brand?post=1221"},{"taxonomy":"product_cat","embeddable":true,"href":"https:\/\/telmag.ro\/en\/wp-json\/wp\/v2\/product_cat?post=1221"},{"taxonomy":"product_tag","embeddable":true,"href":"https:\/\/telmag.ro\/en\/wp-json\/wp\/v2\/product_tag?post=1221"}],"curies":[{"name":"wp","href":"https:\/\/api.w.org\/{rel}","templated":true}]}}