{"id":1383,"date":"2026-03-07T21:04:57","date_gmt":"2026-03-07T19:04:57","guid":{"rendered":"https:\/\/telmag.ro\/?post_type=product&#038;p=1383"},"modified":"2026-03-07T21:41:32","modified_gmt":"2026-03-07T19:41:32","slug":"samsung-galaxy-s26-ultra-512gb-negru","status":"publish","type":"product","link":"https:\/\/telmag.ro\/en\/product\/samsung-galaxy-s26-ultra-512gb-negru\/","title":{"rendered":"Samsung Galaxy S26 Ultra 512GB Negru"},"content":{"rendered":"<h1>Samsung Galaxy S26 Ultra 512GB Negru<\/h1>\n<h4>Rezolu\u021bie camer\u0103<br \/>\n50MP (UW)|200MP (W)|12MP (F)<\/h4>\n<h4>Procesor<br \/>\nSnapdragon 8 Elite Gen5 Galaxy<\/h4>\n<p>General<\/p>\n<p>Tip Cartel\u0103 SIM Dual SIM Nano SIM<br \/>\nData introducerii: 25.02.2026<br \/>\nTip Cartel\u0103 SIM Nano SIM<br \/>\nEtichet\u0103 energetic\u0103: A<\/p>\n<p>Caracteristici generale<br \/>\neSIM<br \/>\nProtec\u021bie \u00eempotriva intruziunilor la praf<br \/>\nEtan\u0219 la praf (IP-6X)<br \/>\nImpermeabilitate: Imersie continu\u0103 (IP-X8)<br \/>\nF\u0103r\u0103 cartel\u0103 SIM<br \/>\nCuloare: Negru<br \/>\nModel: Candybar<br \/>\nGreutate: 214 grame<br \/>\nSistem de operare: Android<br \/>\nVersiunea sistemului de operare: 16<br \/>\nSistem de operare: One UI<br \/>\nDualSIM<br \/>\nDimensiuni: \u00een\u0103l\u021bime: 163,6 mm<br \/>\nDimensiuni: l\u0103\u021bime: 78,1 mm<br \/>\nDimensiuni: ad\u00e2ncime: 7,9 mm<br \/>\nWiFi: 802.11a, 802.11ac, 802.11ax, 802.11b, 802.11be, 802.11g, 802.11n<\/p>\n<p>Multimedia<br \/>\nNum\u0103r de obiective camer\u0103 spate: 4<br \/>\nCamer\u0103 spate HDR<br \/>\nZoom hibrid camer\u0103 spate<br \/>\nZoom optic camer\u0103 spate<br \/>\nRat\u0103 de cadre video camer\u0103 spate (8k) 30<br \/>\nCamer\u0103 spate 1 autofocus<br \/>\nSpate camer\u0103 1 tip autofocus Normal<br \/>\nSpate camer\u0103 1 stabilizare imagine<br \/>\nSpate camer\u0103 1 tip stabilizare imagine Optic<br \/>\nSpate camer\u0103 1 diafragm\u0103 f\/ 1.4<br \/>\nSpate camer\u0103 1 obiectiv Principal<br \/>\nSpate camer\u0103 1 megapixel 200 megapixeli<br \/>\nSpate camer\u0103 2 autofocus<br \/>\nSpate camer\u0103 2 tip autofocus Normal<br \/>\nSpate camer\u0103 2 stabilizare imagine<br \/>\nSpate camer\u0103 2 tip stabilizare imagine Optic<br \/>\nSpate camer\u0103 2 diafragm\u0103 f\/ 2.9<br \/>\nSpate camer\u0103 2 obiectiv Teleobiectiv<br \/>\nSpate camer\u0103 2 megapixeli 50 megapixeli<br \/>\nSpate camer\u0103 3 autofocus<br \/>\nSpate camer\u0103 3 tip autofocus Normal<br \/>\nSpate camer\u0103 3 stabilizare imagine<br \/>\nSpate camer\u0103 3 tip stabilizare imagine Optic<br \/>\nSpate camer\u0103 3 diafragm\u0103 f\/ 2.4<br \/>\nSpate camer\u0103 3 obiectiv Teleobiectiv<br \/>\nSpate camer\u0103 3 megapixeli 10 megapixeli<br \/>\nSpate camer\u0103 4 autofocus<br \/>\nSpate camer\u0103 4 tip autofocus Normal<br \/>\nCamer\u0103 spate 4 diafragm\u0103 f\/ 1.9<br \/>\nCamer\u0103 spate 4 obiectiv Ultra wide-angle<br \/>\nCamer\u0103 spate 4 megapixeli 50 megapixeli<br \/>\nCamer\u0103 frontal\u0103 num\u0103r de obiective 1<br \/>\nPozi\u021bie camer\u0103 frontal\u0103 Pe ecran<br \/>\nRat\u0103 cadre video camer\u0103 frontal\u0103 60<br \/>\nCalitate video camer\u0103 frontal\u0103 4k<br \/>\nCamer\u0103 frontal\u0103 1 focalizare automat\u0103<br \/>\nCamer\u0103 frontal\u0103 1 tip autofocus Normal<br \/>\nCamer\u0103 frontal\u0103 1 diafragm\u0103 f\/ 2.2<br \/>\nCamer\u0103 frontal\u0103 1 obiectiv Principal<br \/>\nCamer\u0103 frontal\u0103 1 megapixel 12 megapixeli<br \/>\nBli\u021b camer\u0103 spate<br \/>\n\u00cenregistrare video camer\u0103 spate 8k<\/p>\n<p>Conectivitate<br \/>\nTehnic\u0103 maxim\u0103 de comunicare 5G<br \/>\nSub-6GHz 5G<br \/>\nVitez\u0103 de desc\u0103rcare internet mobil 6980 mbit\/s<br \/>\nVitez\u0103 de \u00eenc\u0103rcare internet mobil 873 mbit\/s<br \/>\nSuport pentru WiFi 2.4GHz<br \/>\nSuport pentru WiFi 5.0GHz<br \/>\nVersiunea Bluetooth 6.0<br \/>\nGPS Da<br \/>\nNFC<\/p>\n<p>Procesor<br \/>\nUnitate de procesare grafic\u0103 Qualcomm Adreno 840<br \/>\nProcesor Qualcomm Snapdragon 8 Elite Gen 5 pentru Galaxy<br \/>\nVitez\u0103 de ceas 4740 MHz<br \/>\nNum\u0103r de nuclee procesor Octa-core<\/p>\n<p>Memorie<br \/>\nTip slot memorie Niciuna<br \/>\nCapacitate stocare 512000 MB<br \/>\nRAM 12288 MB<\/p>\n<p>Ecran<br \/>\nRat\u0103 maxim\u0103 de re\u00eemprosp\u0103tare ecran 120 Hz<br \/>\nTip ecran AMOLED<br \/>\nDiagonala ecranului 6,9 inch<br \/>\nRaport ecran 19,5:9<br \/>\nRezolu\u021bie ecran 3120&#215;1440 pixeli<br \/>\nEcran rezistent la zg\u00e2rieturi Gorilla Glass<\/p>\n<p>Baterie \u00cenc\u0103rc\u0103tor inclus<br \/>\n\u00cenc\u0103rcare rapid\u0103<br \/>\n\u00cenc\u0103rcare wireless<br \/>\nTip \u00eenc\u0103rcare wireless QI<br \/>\nCapacitate baterie 5000 mAh<\/p>\n<p>Conexiuni<br \/>\nUSB-C<\/p>\n<p>Con\u021binut cutie<br \/>\nBaterie<br \/>\nCablu USB<\/p>\n<p>Senzori<br \/>\nAcelerometru<br \/>\nBarometru<br \/>\nRecunoa\u0219tere facial\u0103<br \/>\nScanner de amprente digitale<br \/>\n\u00cen ecran<br \/>\nSenzor de amprent\u0103 digital\u0103<br \/>\nSenzor G<br \/>\nSenzor de lumin\u0103<br \/>\nSenzor de proximitate<br \/>\nGiroscop<\/p>\n<p>Audio<br \/>\nMono\/Stereo Stereo<br \/>\nDifuzor<\/p>\n<p>Politica de actualizare<br \/>\nAnul introducerii 2026<br \/>\nNum\u0103r estimat de actualiz\u0103ri Android 7<br \/>\nActualiz\u0103ri de securitate p\u00e2n\u0103 (prev\u0103zut) \u00een 2033<br \/>\nCalitatea politicii de actualizare Excelent\u0103<br \/>\nCea mai recent\u0103 versiune Android la lansare<\/p>\n<p>&nbsp;<\/p>\n<p># Samsung Galaxy S26 Ultra 512GB Negru # Samsung Galaxy S26 Ultra 512GB Negru # Samsung Galaxy S26 Ultra 512GB Negru # Samsung Galaxy S26 Ultra 512GB Negru<\/p>","protected":false},"excerpt":{"rendered":"<h1>Samsung Galaxy S26 Ultra 512GB Negru<\/h1>\n<h4>Rezolu\u021bie camer\u0103<br \/>\n50MP (UW)|200MP (W)|12MP (F)<\/h4>\n<h4>Procesor<br \/>\nSnapdragon 8 Elite Gen5 Galaxy<\/h4>\n<h4>Camer\u0103 de 200 megapixeli, calitate video 8k<br \/>\nEcran AMOLED de 6,9 \u200b\u200binci<br \/>\nSpa\u021biu de stocare de 512 GB<br \/>\nRezistent la ap\u0103 \u0219i praf (IP68)<\/h4>","protected":false},"featured_media":1384,"comment_status":"closed","ping_status":"closed","template":"","meta":[],"product_brand":[64],"product_cat":[21,63],"product_tag":[],"class_list":{"0":"post-1383","1":"product","2":"type-product","3":"status-publish","4":"has-post-thumbnail","6":"product_brand-samsung","7":"product_cat-telefoane-mobile","8":"product_cat-samsung","10":"first","11":"instock","12":"taxable","13":"shipping-taxable","14":"purchasable","15":"product-type-simple"},"_links":{"self":[{"href":"https:\/\/telmag.ro\/en\/wp-json\/wp\/v2\/product\/1383","targetHints":{"allow":["GET"]}}],"collection":[{"href":"https:\/\/telmag.ro\/en\/wp-json\/wp\/v2\/product"}],"about":[{"href":"https:\/\/telmag.ro\/en\/wp-json\/wp\/v2\/types\/product"}],"replies":[{"embeddable":true,"href":"https:\/\/telmag.ro\/en\/wp-json\/wp\/v2\/comments?post=1383"}],"wp:featuredmedia":[{"embeddable":true,"href":"https:\/\/telmag.ro\/en\/wp-json\/wp\/v2\/media\/1384"}],"wp:attachment":[{"href":"https:\/\/telmag.ro\/en\/wp-json\/wp\/v2\/media?parent=1383"}],"wp:term":[{"taxonomy":"product_brand","embeddable":true,"href":"https:\/\/telmag.ro\/en\/wp-json\/wp\/v2\/product_brand?post=1383"},{"taxonomy":"product_cat","embeddable":true,"href":"https:\/\/telmag.ro\/en\/wp-json\/wp\/v2\/product_cat?post=1383"},{"taxonomy":"product_tag","embeddable":true,"href":"https:\/\/telmag.ro\/en\/wp-json\/wp\/v2\/product_tag?post=1383"}],"curies":[{"name":"wp","href":"https:\/\/api.w.org\/{rel}","templated":true}]}}