{"id":1386,"date":"2026-03-07T21:26:08","date_gmt":"2026-03-07T19:26:08","guid":{"rendered":"https:\/\/telmag.ro\/?post_type=product&#038;p=1386"},"modified":"2026-03-07T21:42:27","modified_gmt":"2026-03-07T19:42:27","slug":"samsung-galaxy-s26-512gb-negru","status":"publish","type":"product","link":"https:\/\/telmag.ro\/en\/product\/samsung-galaxy-s26-512gb-negru\/","title":{"rendered":"Samsung Galaxy S26 512GB Negru"},"content":{"rendered":"<h1>Samsung Galaxy S26 512GB Negru<\/h1>\n<p>General<\/p>\n<p>Tip Cartel\u0103 SIM Dual SIM eSIM<br \/>\nData introducerii: 25.02.2026<br \/>\nTip Cartel\u0103 SIM Nano SIM<br \/>\nEtichet\u0103 energetic\u0103 A<\/p>\n<p>Caracteristici generale<br \/>\neSIM<br \/>\nMaterial spate: Aluminiu<br \/>\nProtec\u021bie \u00eempotriva intruziunilor la praf: Etan\u0219 la praf (IP-6X)<br \/>\nImpermeabilitate: Imersie continu\u0103 (IP-X8)<br \/>\nF\u0103r\u0103 SIM<br \/>\nCuloare: Negru<br \/>\nModel: Candybar<br \/>\nGreutate: 167 grame<br \/>\nSistem de operare: Android<br \/>\nVersiunea sistemului de operare: 16<br \/>\nSkin sistem de operare: One UI<br \/>\nDualSIM<br \/>\nDimensiuni: \u00een\u0103l\u021bime: 149,6 mm<br \/>\nDimensiuni: l\u0103\u021bime: 71,7 mm<br \/>\nDimensiuni: ad\u00e2ncime: 7,2 mm<br \/>\nWiFi 802.11a, 802.11ac, 802.11ax, 802.11b, 802.11be, 802.11g, 802.11n<\/p>\n<p>Multimedia<br \/>\nNum\u0103r de obiective spate camer\u0103: 3<br \/>\nTip bli\u021b spate camer\u0103: Single-LED<br \/>\nHDR spate camer\u0103:<br \/>\nZoom hibrid spate camer\u0103:<br \/>\nM\u0103rire zoom hibrid spate camer\u0103: 30<br \/>\nZoom optic camer\u0103 spate<br \/>\nRat\u0103 cadre video camer\u0103 spate (8k) 30<br \/>\nAutofocus camer\u0103 spate 1<br \/>\nTip autofocus camer\u0103 spate 1 Normal<br \/>\nStabilizare imagine camer\u0103 spate 1<br \/>\nTip stabilizare imagine camer\u0103 spate 1 Optic<br \/>\nDiafragm\u0103 camer\u0103 spate 1 f\/ 1.8<br \/>\nObiectiv camer\u0103 spate 1 Principal<br \/>\nCamer\u0103 spate 1 megapixel 50 megapixeli<br \/>\nDiafragm\u0103 camer\u0103 spate 2 f\/ 2.2<br \/>\nObiectiv camer\u0103 spate 2 Ultra unghi larg<br \/>\nCamer\u0103 spate 2 megapixeli 12 megapixeli<br \/>\nAutofocus camer\u0103 spate 3<br \/>\nTip autofocus camer\u0103 spate 3 Normal<br \/>\nStabilizare imagine camer\u0103 spate 3<br \/>\nTip stabilizare imagine camer\u0103 spate 3 Optic<br \/>\nDiafragm\u0103 camer\u0103 spate 3 f\/ 2.4<br \/>\nObiectiv camer\u0103 spate 3 Teleobiectiv<br \/>\nCamer\u0103 spate 3 megapixeli 10 megapixeli<br \/>\nNum\u0103r de obiective camer\u0103 frontal\u0103 1<br \/>\nPozi\u021bie camer\u0103 frontal\u0103 Pe ecran<br \/>\nRat\u0103 cadre video camer\u0103 frontal\u0103 60<br \/>\nCamer\u0103 frontal\u0103 Calitate video 4k<br \/>\nCamer\u0103 frontal\u0103 1 autofocus<br \/>\nTip autofocus camer\u0103 frontal\u0103 1 Normal<br \/>\nDiafragm\u0103 camer\u0103 frontal\u0103 1 f\/2.2<br \/>\nObiectiv camer\u0103 frontal\u0103 1 Principal<br \/>\nCamer\u0103 frontal\u0103 1 megapixel 12 megapixeli<br \/>\nBli\u021b camer\u0103 spate<br \/>\n\u00cenregistrare video camer\u0103 spate 8k<\/p>\n<p>Conectivitate<br \/>\nTehnic\u0103 de comunicare maxim\u0103 5G<br \/>\nSub-6GHz 5G<br \/>\nSuport pentru WiFi 2.4GHz<br \/>\nSuport pentru WiFi 5.0GHz<br \/>\nVersiune Bluetooth 5.4<br \/>\nGPS Da<br \/>\nNFC<br \/>\nInfraro\u0219u<\/p>\n<p>Procesor<br \/>\nProcesor Samsung Exynos 2600<br \/>\nVitez\u0103 de ceas 3800 MHz<br \/>\nNum\u0103r de nuclee procesor Deca-core<\/p>\n<p>Memorie<br \/>\nTip slot memorie Niciuna<br \/>\nDimensiune stocare 512000 MB<br \/>\nRAM 12288 MB<\/p>\n<p>Afi\u0219aj<br \/>\nRat\u0103 maxim\u0103 de re\u00eemprosp\u0103tare ecran 120 Hz<br \/>\nTip ecran AMOLED<br \/>\nDiagonal\u0103 ecran 6.3 inch<br \/>\nRaport ecran 19.5:9<br \/>\nRezolu\u021bie ecran 2340&#215;1080 pixeli<br \/>\nEcran rezistent la zg\u00e2rieturi Gorilla Glass<\/p>\n<p>Baterie<br \/>\n\u00cenc\u0103rc\u0103tor inclus<\/p>\n<p>\u00cenc\u0103rcare rapid\u0103<\/p>\n<p>\u00cenc\u0103rcare wireless<\/p>\n<p>Capacitate baterie 4300 mAh<\/p>\n<p>Timp difuzor 2820 minute<\/p>\n<p>Conexiuni<br \/>\nUSB-C<\/p>\n<p>Con\u021binut cutie<br \/>\nBaterie<br \/>\nManual disponibil<br \/>\nCablu USB<\/p>\n<p>Senzori<br \/>\nAcelerometru<br \/>\nBarometru<br \/>\nRecunoa\u0219tere facial\u0103<br \/>\nScanner de amprente digitale<br \/>\n\u00cen afi\u0219aj<br \/>\nSenzor de amprent\u0103 digital\u0103<br \/>\nBusola digital\u0103<br \/>\nSenzor G<br \/>\nSenzor de lumin\u0103<br \/>\nSenzor de proximitate<br \/>\nGiroscop<\/p>\n<p>Audio<br \/>\nMono\/Stereo<br \/>\nStereo<br \/>\nDifuzor<\/p>\n<p>Politica de actualizare<br \/>\nAnul lans\u0103rii 2026<br \/>\nNum\u0103r estimat de actualiz\u0103ri Android 7<br \/>\nActualiz\u0103ri de securitate p\u00e2n\u0103 (a\u0219teptat) 2033<br \/>\nCalitatea politicii de actualizare Excelent\u0103<br \/>\nCea mai recent\u0103 versiune Android la lansare<\/p>\n<p>&nbsp;<\/p>\n<p># Samsung Galaxy S26 512GB Negru # Samsung Galaxy S26 512GB Negru # Samsung Galaxy S26 512GB Negru<\/p>","protected":false},"excerpt":{"rendered":"<h1>Samsung Galaxy S26 512GB Negru<\/h1>\n<p>Camer\u0103 de 50 megapixeli, calitate video 8k<br \/>\nEcran AMOLED de 6,3 inci<br \/>\nSpa\u021biu de stocare de 512 GB<br \/>\nRezistent la ap\u0103 \u0219i praf (IP68)<\/p>","protected":false},"featured_media":1387,"comment_status":"closed","ping_status":"closed","template":"","meta":[],"product_brand":[64],"product_cat":[21,63],"product_tag":[],"class_list":{"0":"post-1386","1":"product","2":"type-product","3":"status-publish","4":"has-post-thumbnail","6":"product_brand-samsung","7":"product_cat-telefoane-mobile","8":"product_cat-samsung","10":"first","11":"instock","12":"taxable","13":"shipping-taxable","14":"purchasable","15":"product-type-simple"},"_links":{"self":[{"href":"https:\/\/telmag.ro\/en\/wp-json\/wp\/v2\/product\/1386","targetHints":{"allow":["GET"]}}],"collection":[{"href":"https:\/\/telmag.ro\/en\/wp-json\/wp\/v2\/product"}],"about":[{"href":"https:\/\/telmag.ro\/en\/wp-json\/wp\/v2\/types\/product"}],"replies":[{"embeddable":true,"href":"https:\/\/telmag.ro\/en\/wp-json\/wp\/v2\/comments?post=1386"}],"wp:featuredmedia":[{"embeddable":true,"href":"https:\/\/telmag.ro\/en\/wp-json\/wp\/v2\/media\/1387"}],"wp:attachment":[{"href":"https:\/\/telmag.ro\/en\/wp-json\/wp\/v2\/media?parent=1386"}],"wp:term":[{"taxonomy":"product_brand","embeddable":true,"href":"https:\/\/telmag.ro\/en\/wp-json\/wp\/v2\/product_brand?post=1386"},{"taxonomy":"product_cat","embeddable":true,"href":"https:\/\/telmag.ro\/en\/wp-json\/wp\/v2\/product_cat?post=1386"},{"taxonomy":"product_tag","embeddable":true,"href":"https:\/\/telmag.ro\/en\/wp-json\/wp\/v2\/product_tag?post=1386"}],"curies":[{"name":"wp","href":"https:\/\/api.w.org\/{rel}","templated":true}]}}