{"id":1398,"date":"2026-03-07T22:17:07","date_gmt":"2026-03-07T20:17:07","guid":{"rendered":"https:\/\/telmag.ro\/?post_type=product&#038;p=1398"},"modified":"2026-03-07T22:19:40","modified_gmt":"2026-03-07T20:19:40","slug":"motorola-signature-512gb-negru","status":"publish","type":"product","link":"https:\/\/telmag.ro\/en\/product\/motorola-signature-512gb-negru\/","title":{"rendered":"Motorola Signature 512GB Negru"},"content":{"rendered":"<h1>Motorola Signature 512GB Negru<\/h1>\n<p>Specifica\u021bii Motorola Signature 512GB Negru<\/p>\n<p>General<br \/>\nTip Cartel\u0103 SIM Dual SIM eSIM<br \/>\nTip Cartel\u0103 SIM Nano SIM<br \/>\nEtichet\u0103 energetic\u0103 A<\/p>\n<p>Caracteristici generale<br \/>\neSIM<br \/>\nProtec\u021bie \u00eempotriva intruziunilor la praf<br \/>\nEtan\u0219 la praf (IP-6X)<br \/>\nImpermeabilitate<br \/>\nImersie continu\u0103 (IP-X8)<br \/>\nF\u0103r\u0103 SIM<br \/>\nCuloare Negru<br \/>\nModel Candybar<br \/>\nGreutate 186 grame<br \/>\nSistem de operare Android<br \/>\nVersiunea sistemului de operare 16<br \/>\nSistem de operare Motorola Android<br \/>\nDualSIM<br \/>\nDimensiuni \u00een\u0103l\u021bime 162,1 mm<br \/>\nDimensiuni l\u0103\u021bime 76,4 mm<br \/>\nDimensiuni ad\u00e2ncime 6,99 mm<br \/>\nTastatur\u0103<br \/>\nEcran tactil<br \/>\nWiFi 802.11a, 802.11ac, 802.11ax, 802.11b, 802.11be, 802.11g, 802.11n<\/p>\n<p>Multimedia<br \/>\nNum\u0103r de obiective camer\u0103 spate 3<br \/>\nTip bli\u021b camer\u0103 spate LED unic<br \/>\nHDR camer\u0103 spate<br \/>\nZoom optic camer\u0103 spate<br \/>\nFrecven\u021b\u0103 cadre video camer\u0103 spate (1080p) 60<br \/>\nRat\u0103 cadre video camer\u0103 spate (4k) 60<br \/>\nRat\u0103 cadre video camer\u0103 spate (8k) 30<br \/>\nAutofocus camer\u0103 spate 1<br \/>\nTip autofocus camer\u0103 spate 1 Normal<br \/>\nStabilizare imagine camer\u0103 spate 1<br \/>\nTip stabilizare imagine camer\u0103 spate 1 Optic\u0103<br \/>\nDiafragm\u0103 camer\u0103 spate 1 f\/ 1.6<br \/>\nObiectivul camer\u0103 spate 1 Principal\u0103<br \/>\nCamer\u0103 spate 1 megapixel 50 megapixeli<br \/>\nAutofocus camer\u0103 spate 2<br \/>\nTip autofocus camer\u0103 spate 2 Normal\u0103<br \/>\nStabilizare imagine camer\u0103 spate 2<br \/>\nDiafragm\u0103 camer\u0103 spate 2 f\/ 2.0<br \/>\nObiectivul camer\u0103 spate 2 Ultra-wide<br \/>\nCamer\u0103 spate 2 megapixeli 50 megapixeli<br \/>\nAutofocus camer\u0103 spate 3<br \/>\nTip autofocus camer\u0103 spate 3 Normal\u0103<br \/>\nStabilizare imagine camer\u0103 spate 3<br \/>\nTip stabilizare imagine camer\u0103 spate 3 Optic\u0103<br \/>\nDiafragm\u0103 camer\u0103 spate 3 f\/ 2.4<br \/>\nObiectivul camer\u0103 spate 3 Teleobiectiv<br \/>\nCamer\u0103 spate 3 megapixeli 50 megapixeli<br \/>\nCamer\u0103 frontal\u0103 num\u0103r de obiective 1<br \/>\nPozi\u021bie camer\u0103 frontal\u0103 Pe ecran<br \/>\nCamer\u0103 frontal\u0103 1 autofocus<br \/>\nCamer\u0103 frontal\u0103 1 tip autofocus Normal<br \/>\nCamer\u0103 frontal\u0103 1 diafragm\u0103 f\/2.0<br \/>\nCamer\u0103 frontal\u0103 1 obiectiv principal<br \/>\nCamer\u0103 frontal\u0103 1 megapixel 50 megapixeli<br \/>\nBli\u021b camer\u0103 spate<br \/>\n\u00cenregistrare video camer\u0103 spate 8k<\/p>\n<p>Conectivitate<br \/>\nTehnic\u0103 maxim\u0103 de comunicare 5G<br \/>\nSub-6GHz 5G<br \/>\nVitez\u0103 de desc\u0103rcare internet mobil 10000 mbit\/s<br \/>\nVitez\u0103 de \u00eenc\u0103rcare internet mobil 3500 mbit\/s<br \/>\nSuport pentru WiFi 2.4GHz<br \/>\nSuport pentru WiFi 5.0GHz<br \/>\nBluetooth versiunea 6<br \/>\nGPS Da<br \/>\nNFC<br \/>\nInfraro\u0219u<\/p>\n<p>Procesor<br \/>\nProcesor Qualcomm Snapdragon 8 Gen 5<br \/>\nVitez\u0103 de ceas 3800 MHz<br \/>\nNum\u0103r de nuclee procesor Octa-core<\/p>\n<p>Memorie<br \/>\nTip slot memorie Niciuna<br \/>\nDimensiune stocare 512000 MB<br \/>\nRAM 16384 MB<\/p>\n<p>Afi\u0219aj<br \/>\nRat\u0103 maxim\u0103 de re\u00eemprosp\u0103tare a ecranului 165 Hz<br \/>\nTip ecran AMOLED<br \/>\nDiagonala ecranului 6,78 inch<br \/>\nRezolu\u021bie ecran 2780&#215;1264 pixeli<br \/>\nEcran rezistent la zg\u00e2rieturi Gorilla Glass<\/p>\n<p>Baterie<br \/>\n\u00cenc\u0103rc\u0103tor inclus<br \/>\n\u00cenc\u0103rcare rapid\u0103<br \/>\nTip de \u00eenc\u0103rcare rapid\u0103 Motorola TurboPower<br \/>\n\u00cenc\u0103rcare wireless<br \/>\nCapacitate baterie 5200 mAh<br \/>\nTimp de a\u0219teptare 52 de ore<\/p>\n<p>Conexiuni<br \/>\nUSB-C<\/p>\n<p>Con\u021binut cutie<br \/>\nBaterie<br \/>\nManual disponibil<br \/>\nCarcas\u0103<br \/>\nCablu USB<\/p>\n<p>Senzori<br \/>\nAcelerometru<br \/>\nRecunoa\u0219tere facial\u0103<br \/>\nScanner de amprente digitale<br \/>\n\u00cen afi\u0219aj<br \/>\nSenzor de amprent\u0103 digital\u0103<br \/>\nBusol\u0103 digital\u0103<br \/>\nSenzor de lumin\u0103<br \/>\nSenzor de proximitate<br \/>\nGiroscop<\/p>\n<p>Caracteristici de siguran\u021b\u0103<br \/>\nCertificare MIL MIL-810H<\/p>\n<p>Audio<br \/>\nNum\u0103r de difuzoare 2<br \/>\nMono\/Stereo Stereo<br \/>\nDifuzor<\/p>\n<p>Politica de actualizare<br \/>\nAnul lans\u0103rii 2026<br \/>\nNum\u0103r a\u0219teptat de actualiz\u0103ri Android 7<br \/>\nActualiz\u0103ri de securitate p\u00e2n\u0103 la (a\u0219teptat) 2033<br \/>\nCalitatea politicii de actualizare Excelent\u0103<br \/>\nCea mai recent\u0103 versiune de Android la lansare<\/p>\n<p>&nbsp;<\/p>\n<p># Motorola Signature 512GB Negru # Motorola Signature 512GB Negru # Motorola Signature 512GB Negru<\/p>","protected":false},"excerpt":{"rendered":"<h1>Motorola Signature 512GB Negru<\/h1>\n<p>Camer\u0103 de 50 megapixeli, calitate video 8k<br \/>\nEcran AMOLED de 6,78 inci<br \/>\nSpa\u021biu de stocare de 512 GB<br \/>\nRezistent la ap\u0103 \u0219i praf (IP68)<\/p>","protected":false},"featured_media":1399,"comment_status":"closed","ping_status":"closed","template":"","meta":[],"product_brand":[80],"product_cat":[21,79],"product_tag":[],"class_list":{"0":"post-1398","1":"product","2":"type-product","3":"status-publish","4":"has-post-thumbnail","6":"product_brand-motorola","7":"product_cat-telefoane-mobile","8":"product_cat-motorola","10":"first","11":"instock","12":"taxable","13":"shipping-taxable","14":"purchasable","15":"product-type-simple"},"_links":{"self":[{"href":"https:\/\/telmag.ro\/en\/wp-json\/wp\/v2\/product\/1398","targetHints":{"allow":["GET"]}}],"collection":[{"href":"https:\/\/telmag.ro\/en\/wp-json\/wp\/v2\/product"}],"about":[{"href":"https:\/\/telmag.ro\/en\/wp-json\/wp\/v2\/types\/product"}],"replies":[{"embeddable":true,"href":"https:\/\/telmag.ro\/en\/wp-json\/wp\/v2\/comments?post=1398"}],"wp:featuredmedia":[{"embeddable":true,"href":"https:\/\/telmag.ro\/en\/wp-json\/wp\/v2\/media\/1399"}],"wp:attachment":[{"href":"https:\/\/telmag.ro\/en\/wp-json\/wp\/v2\/media?parent=1398"}],"wp:term":[{"taxonomy":"product_brand","embeddable":true,"href":"https:\/\/telmag.ro\/en\/wp-json\/wp\/v2\/product_brand?post=1398"},{"taxonomy":"product_cat","embeddable":true,"href":"https:\/\/telmag.ro\/en\/wp-json\/wp\/v2\/product_cat?post=1398"},{"taxonomy":"product_tag","embeddable":true,"href":"https:\/\/telmag.ro\/en\/wp-json\/wp\/v2\/product_tag?post=1398"}],"curies":[{"name":"wp","href":"https:\/\/api.w.org\/{rel}","templated":true}]}}