{"id":549,"date":"2025-12-29T23:58:33","date_gmt":"2025-12-29T21:58:33","guid":{"rendered":"https:\/\/telmag.ro\/?post_type=product&#038;p=549"},"modified":"2026-03-05T23:27:31","modified_gmt":"2026-03-05T21:27:31","slug":"ulefone-armor-28-ultra-camera-termica-16gb1tb-night-vision-negru","status":"publish","type":"product","link":"https:\/\/telmag.ro\/en\/product\/ulefone-armor-28-ultra-camera-termica-16gb1tb-night-vision-negru\/","title":{"rendered":"Ulefone Armor 28 Ultra Camer\u0103 Termic\u0103 16GB+1TB Night Vision Negru"},"content":{"rendered":"<h1>Ulefone Armor 28 Ultra Camer\u0103 Termic\u0103 16GB+1TB Night Vision Negru<\/h1>\n<p>Specifica\u021bii<br \/>\n1. CPU: MediaTek Dimensity 9300+, 4nm, octa-core, 1x Arm Cortex-X4 p\u00e2n\u0103 la 3.4GHz, 3x Arm Cortex-X4 p\u00e2n\u0103 la 2.85GHz, 4x Arm Cortex-A720 p\u00e2n\u0103 la 2.0GHz<br \/>\n2. GPU: Immortalis-G720, 1.3GHz<br \/>\n3. Memorie: 16GB LPDDR5X + 16GB RAM dinamic\u0103 (Memoria RAM dinamic\u0103 poate fi extins\u0103 \u00een Set\u0103ri, dac\u0103 este necesar) + 1TB UFS4.0<\/p>\n<p>4. Extindere stocare: card TF de p\u00e2n\u0103 la 2TB (nu este inclus)<br \/>\n5. Sistem de operare: Android 15<br \/>\n6. Senzor: senzor de proximitate, senzor de gravita\u021bie, senzor de lumin\u0103, senzor de accelera\u021bie, senzor geomagnetic, senzor giroscopic, contor coulomb, pedometru, senzor de presiune a aerului, senzor infraro\u0219u<\/p>\n<p>7. Conector de expansiune: conector de expansiune uSmart, compatibil cu accesoriile din seria uSmart. (nu este inclus)<br \/>\n8. Sloturi card: 3, 1x Nano-SIM + 1x Nano-SIM + 1x microSD<br \/>\n9. Taste: Dreapta: Dreapta: Buton de pornire (Amprent\u0103) + Buton Volum + Tast\u0103 Camer\u0103, St\u00e2nga: Tast\u0103 personalizat\u0103<\/p>\n<p>10. Baterie: Baterie polimer li-ion 10600mAh<br \/>\n11. \u00cenc\u0103rcare: 120W, 20V\/6A, \u00eenc\u0103rcare wireless 50W, suport\u0103 \u00eenc\u0103rcare invers\u0103 10W<br \/>\n12. Op\u021biuni de deblocare: Deblocare prin amprent\u0103 montat\u0103 lateral, Deblocare facial\u0103<\/p>\n<p>13. Dimensiuni: 174,15 x 83,6 x 19,4 mm \/ 6,86 x 3,29 x 0,76 inch<br \/>\n14. Greutate: 450g<br \/>\n15. Limbi:<br \/>\nIndonezian\u0103, Malaezian\u0103, Catalan\u0103, Ceh\u0103, Danez\u0103, German\u0103, Eston\u0103, Englez\u0103, Spaniol\u0103, Filipinez\u0103, Francez\u0103, Croat\u0103, Italian\u0103, Leton\u0103, Lituanian\u0103, Maghiar\u0103, Olandez\u0103, Norvegian\u0103, Polonez\u0103, Portughez\u0103, Rom\u00e2n\u0103, Slovac\u0103, Finlandez\u0103 Suedez\u0103, vietnamez\u0103, greac\u0103, turc\u0103, bulgar\u0103, rus\u0103, s\u00e2rb\u0103, ucrainean\u0103, armean\u0103, ebraic\u0103, urdu, arab\u0103, persan\u0103, hindi, bengalez\u0103, thailandez\u0103, kor., birmanez\u0103, japonez\u0103, chinez\u0103 simplificat\u0103, chinez\u0103 tradi\u021bional\u0103<\/p>\n<p>Ecrane:<br \/>\n1. Principal: AMOLED de 6,67 inch, 120Hz, 92%, 1080 x 2400 FHD+, 395PPI, 20:9, atingere \u00een 10 puncte<br \/>\n2. Sub: AMOLED de 1,04 inch, 60Hz, 340 x 340 HD+, atingere \u00eentr-un singur punct<\/p>\n<p>Camere:<br \/>\n1. Camer\u0103 spate: 50MP principal\u0103 (IMX989, obiectiv 8P, FOV 85,1 grade, F1.9) + 64MP vedere nocturn\u0103 (OV64B, F1.79) + 50MP lat (JN1, FOV 117,3 grade, F2.2)<br \/>\n2. Camer\u0103 frontal\u0103: 50MP (JN1, obiectiv 5P, c\u00e2mp vizual 80,4 grade, F2.45)<\/p>\n<p>Re\u021bea \u0219i conexiune<br \/>\nBenzi de re\u021bea:<br \/>\n1. 5G NR Sub6: N1\/2\/3\/5\/7\/8\/20\/25\/28\/38\/40\/41\/66\/71\/77\/78\/79<br \/>\n2. 4G: FDD-LTE: B1\/2\/3\/4\/5\/7\/8\/12\/13\/17\/18\/19\/20\/25\/26\/28A\/28B\/32\/66\/71; TDD-LTE: B34\/38\/39\/40\/41<br \/>\n3. 3G WCDMA: B1\/2\/4\/5\/6\/8\/19<br \/>\n4. 2G GSM: B2\/3\/5\/8<br \/>\n5. Suport\u0103 4G VoLTE, VoNR<\/p>\n<p>Transmisie wireless:<br \/>\n1. Wi-Fi: WiFi 7 (2.4GHz\/5GHz\/6GHz), 802.11 be\/ax\/ac\/a\/b\/g\/n<br \/>\n2. BT: V5.4<br \/>\n3. Pozi\u021bionare GPS: GPS\/GLONASS\/Beidou\/Galileo\/QZSS\/NavlC GPS<br \/>\n4. OTG: Suport\u0103<br \/>\n5. NFC: Suport\u0103<br \/>\n6. FM: Suport\u0103<br \/>\n7. IR Blaster: Suport\u0103<\/p>\n<p>Imagistic\u0103 termic\u0103<br \/>\n1. Senzor termic: ThermoVue T2<br \/>\n2. ISP infraro\u0219u: ISP infraro\u0219u independent<br \/>\n3. Aplica\u021bie: ThermoVue Pro<br \/>\n4. Rezolu\u021bie: 640 x 512<br \/>\n5. Rat\u0103 cadre: 25Hz<br \/>\n6. Distan\u021b\u0103 pixel: 12um<br \/>\n7. Sensibilitate termic\u0103 (NETD): Mai pu\u021bin de 40mk<br \/>\n8. M\u0103surare temperatur\u0103: -20 grade C p\u00e2n\u0103 la 550 grade C<br \/>\n9. Precizie: +\/-2 grade C<\/p>\n<p>Lista pachetului<br \/>\n1. Telefon x 1<br \/>\n2. \u00cenc\u0103rc\u0103tor CA x 1<br \/>\n3. Cablu de date de la tip C la tip C (100 cm) x 1<br \/>\n4. Folie de protec\u021bie (preinstalat\u0103) x 1<br \/>\n5. Protector de ecran din sticl\u0103 securizat\u0103 x 1<br \/>\n6. Ac cartel\u0103 SIM x 1<br \/>\n7. \u0218nur x 1<br \/>\n8. Manual de utilizare multilingv x 1<br \/>\n9. Card de instruc\u021biuni multifunc\u021bional x 1<br \/>\n10. Card de garan\u021bie x 1<br \/>\n11. Card de instruc\u021biuni de \u00eenc\u0103rcare x 1<br \/>\n12. Card cu instruc\u021biuni de siguran\u021b\u0103 x 1<br \/>\n13. Bro\u0219ur\u0103 ecosistem accesorii x 1<br \/>\n14. Instruc\u021biuni aplica\u021bie centru service x 1<br \/>\n15. Ghid de acces la manualul de utilizare ThermoVue Pro x 1<br \/>\n16. Card de omagiu utilizator x 1<\/p>\n<p>&nbsp;<\/p>\n<p># Ulefone Armor 28 Ultra Camer\u0103 Termic\u0103 16GB+1TB Night Vision Negru # Ulefone Armor 28 Ultra Camer\u0103 Termic\u0103 16GB+1TB Night Vision Negru # Ulefone Armor 28 Ultra Camer\u0103 Termic\u0103 16GB+1TB Night Vision Negru # Ulefone Armor 28 Ultra Camer\u0103 Termic\u0103 16GB+1TB Night Vision Negru # Ulefone Armor 28 Ultra Camer\u0103 Termic\u0103 16GB+1TB Night Vision Negru<\/p>","protected":false},"excerpt":{"rendered":"<h1>Ulefone Armor 28 Ultra Camer\u0103 Termic\u0103 16GB+1TB Night Vision Negru<\/h1>\n<h4>Ulefone Armor 28 Ultra Versiunea Camer\u0103 Termic\u0103 Telefon Rezistent, 16GB+1TB, Night Vision, 10600mAh, 6.67 inch Android 15 MediaTek Dimensity 9300+ Octa Core, Re\u021bea: 5G, NFC (Negru)<\/h4>","protected":false},"featured_media":550,"comment_status":"closed","ping_status":"closed","template":"","meta":[],"product_brand":[],"product_cat":[21,22],"product_tag":[],"class_list":{"0":"post-549","1":"product","2":"type-product","3":"status-publish","4":"has-post-thumbnail","6":"product_cat-telefoane-mobile","7":"product_cat-ulefone","9":"first","10":"instock","11":"taxable","12":"shipping-taxable","13":"purchasable","14":"product-type-simple"},"_links":{"self":[{"href":"https:\/\/telmag.ro\/en\/wp-json\/wp\/v2\/product\/549","targetHints":{"allow":["GET"]}}],"collection":[{"href":"https:\/\/telmag.ro\/en\/wp-json\/wp\/v2\/product"}],"about":[{"href":"https:\/\/telmag.ro\/en\/wp-json\/wp\/v2\/types\/product"}],"replies":[{"embeddable":true,"href":"https:\/\/telmag.ro\/en\/wp-json\/wp\/v2\/comments?post=549"}],"wp:featuredmedia":[{"embeddable":true,"href":"https:\/\/telmag.ro\/en\/wp-json\/wp\/v2\/media\/550"}],"wp:attachment":[{"href":"https:\/\/telmag.ro\/en\/wp-json\/wp\/v2\/media?parent=549"}],"wp:term":[{"taxonomy":"product_brand","embeddable":true,"href":"https:\/\/telmag.ro\/en\/wp-json\/wp\/v2\/product_brand?post=549"},{"taxonomy":"product_cat","embeddable":true,"href":"https:\/\/telmag.ro\/en\/wp-json\/wp\/v2\/product_cat?post=549"},{"taxonomy":"product_tag","embeddable":true,"href":"https:\/\/telmag.ro\/en\/wp-json\/wp\/v2\/product_tag?post=549"}],"curies":[{"name":"wp","href":"https:\/\/api.w.org\/{rel}","templated":true}]}}