{"id":672,"date":"2026-01-01T18:32:59","date_gmt":"2026-01-01T16:32:59","guid":{"rendered":"https:\/\/telmag.ro\/?post_type=product&#038;p=672"},"modified":"2026-03-03T00:10:39","modified_gmt":"2026-03-02T22:10:39","slug":"oppo-find-x9-pro-12gb256gb-titan","status":"publish","type":"product","link":"https:\/\/telmag.ro\/en\/product\/oppo-find-x9-pro-12gb256gb-titan\/","title":{"rendered":"OPPO Find X9 Pro 12GB+256GB Titan"},"content":{"rendered":"<h1>OPPO Find X9 Pro 12GB+256GB Titan<\/h1>\n<p>&nbsp;<\/p>\n<p>Specifica\u021bii:<br \/>\n1. CPU: MediaTek Dimensity 9500, 3nm, octa-core, 4.21GHz<br \/>\n2. GPU: Arm G1-Ultra<br \/>\n3. RAM+ROM: 12GB+256GB<br \/>\n4. RAM: LPDDR5X, ROM: UFS 4.1<br \/>\n5. Stocare extins\u0103: Nu este acceptat\u0103<br \/>\n6. Sistem de operare: ColorOS 16.0<br \/>\n7. Tip cartel\u0103 SIM: Cartel\u0103 Nano-SIM, cartel\u0103 Nano-USIM, standby dual<br \/>\n8. Date biometrice: Amprent\u0103 digital\u0103 (sub ecran), recunoa\u0219tere facial\u0103<br \/>\n9. Senzori: Senzor de proximitate, senzor de lumin\u0103 ambiental\u0103, senzor de temperatur\u0103 a culorii, busol\u0103, senzor de accelera\u021bie, giroscop, amprent\u0103 digital\u0103 cu ultrasunete sub ecran, senzor Hall, senzor de focalizare laser, senzor de spectru, telecomand\u0103 cu infraro\u0219u<br \/>\n10. Limbi: Arab\u0103, bengalez\u0103, birman\u0103, ceh\u0103, francez\u0103, englez\u0103, filipinez\u0103, hindi, indonezian\u0103, japonez\u0103, khmer\u0103, malaez\u0103, turc\u0103, thailandez\u0103, vietnamez\u0103, chinez\u0103 tradi\u021bional\u0103, nepalez\u0103, lao\u021bian\u0103, coreean\u0103, tibetan\u0103 Uigur<br \/>\n11. Dimensiune: 161,26 x 76,46 x 8,25 mm<br \/>\n12. Greutate: 224 g<\/p>\n<p>Afi\u0219aj ecran:<br \/>\n1. Dimensiune: 6,78 inci<br \/>\n2. Rezolu\u021bie: 2772 x 1272, 120 Hz, 450 PPI<br \/>\n3. Culori: 1,07 miliarde de culori<br \/>\n4. Rat\u0103 de e\u0219antionare tactil\u0103: P\u00e2n\u0103 la 240 Hz<br \/>\n5. Tip: AMOLED<\/p>\n<p>Camer\u0103:<br \/>\n1. Spate: 50 MP lat F1.5 + 50 MP lat U F2.0 + 200 MP teleobiectiv F2.1 + obiectiv Danxia pentru restaurarea culorilor F2.4, accept\u0103 zoom optic 3x, zoom digital 120x<br \/>\n2. Fa\u021b\u0103: 50 MP F2.0<\/p>\n<p>Baterie:<br \/>\n1. Capacitate baterie: 7500 mAh<br \/>\n2. Alimentare: \u00eenc\u0103rcare cu fir 80 W, \u00eenc\u0103rcare wireless 50 W<\/p>\n<p>Band\u0103 de re\u021bea:<br \/>\n1. 5G NR: N1\/2\/3\/5\/7\/8\/12\/18\/20\/25\/26\/28\/34\/38\/39\/40\/41\/48\/66\/77\/78\/79<br \/>\n2. 4G: LTE TDD: B34\/38\/39\/40\/41\/42\/43\/48; LTE FDD: B1\/2\/3\/4\/5\/7\/8\/12\/17\/18\/19\/20\/25\/26\/28\/66<br \/>\n3. 3G: WCDMA B1\/2\/4\/5\/6\/8\/19<br \/>\n4. 2G: GSM 850\/900\/1800MHz<\/p>\n<p>Func\u021bii de date:<br \/>\n1. WLAN: Wi-Fi 7 (802.11be),Wi-Fi 6 (802.11ax), Wi-Fi 5 (802.11ac), 802.11a\/b\/g\/n<br \/>\n2. BT: V6.0<br \/>\n3. \u00cenc\u0103rcare date \u0219i interfa\u021b\u0103 c\u0103\u0219ti: USB Tip-C<br \/>\n4. OTG: Suport<br \/>\n5. NFC: Suport<br \/>\n6. Pozi\u021bionare: Beidou, GPS, GLONASS, Galileo, QZSS, NavIC<\/p>\n<p>Lista pachetului<br \/>\n1. Telefon x 1<br \/>\n2. Cablu de date x 1<br \/>\n3. \u00cenc\u0103rc\u0103tor x 1<br \/>\n4. Pin de ejectare SIM x 1<br \/>\n5. Carcas\u0103 de protec\u021bie x 1<br \/>\n(Not\u0103: \u00cen func\u021bie de produsul real)<\/p>","protected":false},"excerpt":{"rendered":"<h4>OPPO Find X9 Pro 12GB+256GB Titan<\/h4>\n<h5>OPPO Find X9 Pro Smartphone IA, 12GB+256GB, Amprent\u0103 pe Ecran, 6.78 inch ColorOS 16.0 Dimensity 9500 Octa Core, NFC, OTG, Network: 5G (Culoare Titan)<\/h5>","protected":false},"featured_media":673,"comment_status":"closed","ping_status":"closed","template":"","meta":[],"product_brand":[],"product_cat":[28,21],"product_tag":[],"class_list":{"0":"post-672","1":"product","2":"type-product","3":"status-publish","4":"has-post-thumbnail","6":"product_cat-oppo","7":"product_cat-telefoane-mobile","9":"first","10":"instock","11":"taxable","12":"shipping-taxable","13":"purchasable","14":"product-type-simple"},"_links":{"self":[{"href":"https:\/\/telmag.ro\/en\/wp-json\/wp\/v2\/product\/672","targetHints":{"allow":["GET"]}}],"collection":[{"href":"https:\/\/telmag.ro\/en\/wp-json\/wp\/v2\/product"}],"about":[{"href":"https:\/\/telmag.ro\/en\/wp-json\/wp\/v2\/types\/product"}],"replies":[{"embeddable":true,"href":"https:\/\/telmag.ro\/en\/wp-json\/wp\/v2\/comments?post=672"}],"wp:featuredmedia":[{"embeddable":true,"href":"https:\/\/telmag.ro\/en\/wp-json\/wp\/v2\/media\/673"}],"wp:attachment":[{"href":"https:\/\/telmag.ro\/en\/wp-json\/wp\/v2\/media?parent=672"}],"wp:term":[{"taxonomy":"product_brand","embeddable":true,"href":"https:\/\/telmag.ro\/en\/wp-json\/wp\/v2\/product_brand?post=672"},{"taxonomy":"product_cat","embeddable":true,"href":"https:\/\/telmag.ro\/en\/wp-json\/wp\/v2\/product_cat?post=672"},{"taxonomy":"product_tag","embeddable":true,"href":"https:\/\/telmag.ro\/en\/wp-json\/wp\/v2\/product_tag?post=672"}],"curies":[{"name":"wp","href":"https:\/\/api.w.org\/{rel}","templated":true}]}}