{"id":676,"date":"2026-01-01T18:41:14","date_gmt":"2026-01-01T16:41:14","guid":{"rendered":"https:\/\/telmag.ro\/?post_type=product&#038;p=676"},"modified":"2026-03-03T00:00:36","modified_gmt":"2026-03-02T22:00:36","slug":"vivo-x300-pro-12gb256gb-negru","status":"publish","type":"product","link":"https:\/\/telmag.ro\/en\/product\/vivo-x300-pro-12gb256gb-negru\/","title":{"rendered":"vivo X300 Pro 12GB+256GB Negru"},"content":{"rendered":"<h1>vivo X300 Pro 12GB+256GB Negru<\/h1>\n<p>&nbsp;<\/p>\n<p>1. CPU: Dimensionsity 9500, 64-bit, octa-core, 3nm, 4.21GHz x 1+3.5GHz x 3 + 2.7GHz x 4<br \/>\n2. GPU: Mali G1-Ultra<br \/>\n3. SIM: Dual SIM (Nano-SIM, dual standby)<br \/>\n4. Memorie: 12GB LPDDR5X Ultra + 256GB UFS4.1<br \/>\n5. Sistem de operare: Android 16, OriginOS 6<br \/>\n6. Baterie: 6510mAh, nedeta\u0219abil\u0103<br \/>\n7. \u00cenc\u0103rcare: 90W, suport\u0103 11V\/8.2A, 9V\/1.3A sau 5V\/2A; \u00cenc\u0103rcare wireless 40W<br \/>\n8. Metod\u0103 de deblocare: Face Wake ID, amprent\u0103 digital\u0103 3D cu ultrasunete \u00eentr-un singur punct<br \/>\n9. Senzori: Senzor de gravita\u021bie, senzor de lumin\u0103, senzor de proximitate, giroscop, busol\u0103, senzor de focalizare laser, senzor Hall, telecomand\u0103 cu infraro\u0219u, senzor Flicker, motor liniar pe axa X, senzori multispectrali<br \/>\n10. Limb\u0103: arab\u0103, bengalez\u0103, birman\u0103, olandez\u0103, englez\u0103, francez\u0103, filipinez\u0103, german\u0103, hindi, indonezian\u0103, italian\u0103, japonez\u0103, khmer\u0103, malaez\u0103, portughez\u0103, rus\u0103, rom\u00e2n\u0103, spaniol\u0103, thailandez\u0103, vietnamez\u0103, nepalez\u0103, urdu, singalez\u0103, lao\u021bian\u0103, korean\u0103, tibetan\u0103, uigur\u0103<br \/>\n11. Dimensiune: 161,98 x 75,48 x 7,99 mm<br \/>\n12. Greutate: aproximativ 226 g<\/p>\n<p>Ecran:<br \/>\n1. Tip: AMOLED \/ Q10 plus, rat\u0103 de re\u00eemprosp\u0103tare 1-120 Hz, HDR, 452 PPI<br \/>\n2. Dimensiune: 6,78 inci (raport ecran-corp 94,85%)<br \/>\n3. Rezolu\u021bie: 2800&#215;1260 pixeli, raport 20:9<\/p>\n<p>Camere:<br \/>\n1. Spate: 50MP principal\u0103 F1.57 + 50MP lat F2.0 + 200MP periscop F2.67<br \/>\n2. Fa\u021b\u0103: 50MP F2.0<\/p>\n<p>Re\u021bea:<br \/>\n1. 5G: N1\/2\/3\/5\/7\/8\/18\/20\/25\/26\/28A\/66\/34\/38\/39\/40\/41\/48\/77\/78\/79<br \/>\n2. 4G FDD-LTE: B1\/B2\/B3\/B4\/B5\/B7\/B8\/B18\/B19\/B20\/B25\/B26\/B28A\/B66<br \/>\n3. 4G TD-LTE: B34\/B38\/B39\/B40\/B41\/B42\/B43\/B48<br \/>\n4. 3G WCDMA: B1\/B2\/B4\/B5\/B6\/B8\/B19<br \/>\n5. 2G GSM: 850\/900\/1800\/1900MHz<\/p>\n<p>Conexiune \u0219i transmisie:<br \/>\n1. Wi-Fi: Afi\u0219aj Wi-Fi; 2 x 2 MIMO; MU-MIMO; Wi-Fi 6; Wi-Fi 7; 2.4G \u0219i 5G cu canale duale simultane<br \/>\n2. NFC: Suport<br \/>\n3. Naviga\u021bie: Suport\u0103 GPS, BeiDou, GLONASS, Galileo, QZSS, NavIC<br \/>\n4. BT: BT 5.4<br \/>\n5. Interfa\u021b\u0103 pentru c\u0103\u0219ti \u0219i USB: Tip C<br \/>\n6. OTG: Suport<\/p>\n<p>Lista pachetului<br \/>\n1. Telefon x 1<br \/>\n2. \u00cenc\u0103rc\u0103tor cu priz\u0103 SUA x 1<br \/>\n3. Cablu de date Tip C x 1<br \/>\n4. Hus\u0103 de protec\u021bie x 1<br \/>\n5. Folie original\u0103 (deja ata\u0219at\u0103 din fabric\u0103) x 1<br \/>\n6. Ejector cartel\u0103 SIM x 1<br \/>\n7. Cutie de ambalare x 1<\/p>","protected":false},"excerpt":{"rendered":"<h4>vivo X300 Pro 12GB+256GB Negru<\/h4>\n<h5>vivo X300 Pro, 12GB+256GB, 6.78 inch OriginOS 6 Android 16 Dimensity 9500 Octa Core, OTG, NFC, Re\u021bea: 5G (Negru)<\/h5>","protected":false},"featured_media":677,"comment_status":"closed","ping_status":"closed","template":"","meta":[],"product_brand":[],"product_cat":[21,29],"product_tag":[],"class_list":{"0":"post-676","1":"product","2":"type-product","3":"status-publish","4":"has-post-thumbnail","6":"product_cat-telefoane-mobile","7":"product_cat-vivo","9":"first","10":"instock","11":"taxable","12":"shipping-taxable","13":"purchasable","14":"product-type-simple"},"_links":{"self":[{"href":"https:\/\/telmag.ro\/en\/wp-json\/wp\/v2\/product\/676","targetHints":{"allow":["GET"]}}],"collection":[{"href":"https:\/\/telmag.ro\/en\/wp-json\/wp\/v2\/product"}],"about":[{"href":"https:\/\/telmag.ro\/en\/wp-json\/wp\/v2\/types\/product"}],"replies":[{"embeddable":true,"href":"https:\/\/telmag.ro\/en\/wp-json\/wp\/v2\/comments?post=676"}],"wp:featuredmedia":[{"embeddable":true,"href":"https:\/\/telmag.ro\/en\/wp-json\/wp\/v2\/media\/677"}],"wp:attachment":[{"href":"https:\/\/telmag.ro\/en\/wp-json\/wp\/v2\/media?parent=676"}],"wp:term":[{"taxonomy":"product_brand","embeddable":true,"href":"https:\/\/telmag.ro\/en\/wp-json\/wp\/v2\/product_brand?post=676"},{"taxonomy":"product_cat","embeddable":true,"href":"https:\/\/telmag.ro\/en\/wp-json\/wp\/v2\/product_cat?post=676"},{"taxonomy":"product_tag","embeddable":true,"href":"https:\/\/telmag.ro\/en\/wp-json\/wp\/v2\/product_tag?post=676"}],"curies":[{"name":"wp","href":"https:\/\/api.w.org\/{rel}","templated":true}]}}