{"id":684,"date":"2026-01-01T19:36:49","date_gmt":"2026-01-01T17:36:49","guid":{"rendered":"https:\/\/telmag.ro\/?post_type=product&#038;p=684"},"modified":"2026-03-05T14:56:08","modified_gmt":"2026-03-05T12:56:08","slug":"xiaomi-17-12gb256gb-negru","status":"publish","type":"product","link":"https:\/\/telmag.ro\/en\/product\/xiaomi-17-12gb256gb-negru\/","title":{"rendered":"Xiaomi 17 12GB+256GB Negru"},"content":{"rendered":"<h1>Xiaomi 17 12GB+256GB Negru<\/h1>\n<p>&nbsp;<\/p>\n<p>Specifica\u021bii<br \/>\n1. Procesor: Procesor Qualcomm Snapdragon 8 Elite Gen 5 pe platform\u0103 mobil\u0103 SoC, procesor octa-core de 3nm, p\u00e2n\u0103 la 4,6 GHz<br \/>\n2. GPU: Adreno<br \/>\n3. Capacitate memorie: 16 GB + 512 GB \/ LPDDR5X + UFS 4.1<br \/>\n4. Sistem de operare: Xiaomi HyperOS 3<br \/>\n5. Deblocare prin amprent\u0103: amprent\u0103 ultrasonic\u0103 3D<br \/>\n6. Senzori: Senzor de proximitate, senzor de lumin\u0103 ambiental\u0103 (temperatur\u0103 de culoare) sub ecran, senzor de lumin\u0103 ambiental\u0103 (temperatur\u0103 de culoare) montat \u00een spate, accelerometru, giroscop, busol\u0103 electronic\u0103, motor liniar pe axa X, telecomand\u0103 cu infraro\u0219u, senzor de p\u00e2lp\u00e2ire, senzor de focalizare laser, barometru, senzor de efect Hall<br \/>\n7. Dimensiuni: 151,1 x 71,8 x 8,06 mm<br \/>\n8. Greutate: 191 g<br \/>\n9. Port de \u00eenc\u0103rcare: Tip C<br \/>\n10. Slot pentru cartel\u0103 SIM: Slot pentru cartel\u0103 Nano-SIM dual\u0103<br \/>\n11. Limb\u0103: Englez\u0103, Chinez\u0103 simplificat\u0103, Chinez\u0103 tradi\u021bional\u0103<\/p>\n<p>Afi\u0219aj ecran:<br \/>\n1. Ecran: Ecran OLED flexibil, drept, de 6,3 inci, rezolu\u021bie 1.5K<br \/>\n2. Pixeli: 2656 x 1220<br \/>\n3. Rat\u0103 de re\u00eemprosp\u0103tare: 120Hz<br \/>\n4. Rat\u0103 de e\u0219antionare: 300Hz<\/p>\n<p>Baterie:<br \/>\n1. Capacitate baterie: 7000mAh<br \/>\n2. Putere de \u00eenc\u0103rcare: 100W cu fir, 50W wireless<br \/>\n3. \u00cenc\u0103rcare rapid\u0103: QC3+ \/ QC3.0 \/ QC2.0 \/ PD3.0 \/ PD2.0<\/p>\n<p>Camere:<br \/>\n1. Spate: 50MP (Light Hunter 950, 23mm, f1.67, OIS) + 50MP (60mm, f2.0, OIS) + 50MP (f2.4)<br \/>\n2. Fa\u021b\u0103: 50MP (f2.2)<\/p>\n<p>Band\u0103 de frecven\u021b\u0103 a re\u021belei:<br \/>\n1. 5G: N1\/2\/3\/5\/7\/8\/12\/18\/20\/25\/26\/28\/38\/40\/41\/48\/66\/77\/78\/80\/81\/83\/84\/89<br \/>\n2. 4G: FDD-LTE: B1\/2\/3\/4\/5\/7\/8\/12\/17\/18\/19\/20\/25\/26\/28\/66; TDD-LTE???B34\/38\/39\/40\/41\/42\/48<br \/>\n3. 3G: WCDMA: B1\/2\/4\/5\/6\/8\/19<br \/>\n4. 2G: GSM: B2\/3\/5\/8<br \/>\n(Not\u0103: Utilizarea real\u0103 a re\u021belei \u0219i a benzii de frecven\u021b\u0103 depinde de implementarea operatorilor locali.)<\/p>\n<p>Re\u021bea wireless:<br \/>\n1. WiFi: Accept\u0103 Wi-Fi 7, Wi-Fi 6 Advanced, Wi-Fi 5, Wi-Fi 4 \u0219i 802.11a\/b\/g, 2.4G \u0219i 5G<br \/>\n2. BT: V5.4<br \/>\n3. Naviga\u021bie: Beidou, GPS, Galileo, GLONASS, QZSS, NaVIC, AGNSS, Pozi\u021bionare \u00een re\u021bea de date, Pozi\u021bionare \u00een re\u021bea Wi-Fi, Pozi\u021bionare asistat\u0103 de senzori<br \/>\n4. Accept\u0103 NFC multifunc\u021bional<\/p>\n<p>Lista pachetului:<br \/>\n1. Telefon mobil x 1<br \/>\n2. Instrument de ejectare x 1<br \/>\n3. Hus\u0103 de protec\u021bie x 1<br \/>\n4. Cablu USB x 1<br \/>\n5. Adaptor de alimentare cu priz\u0103 SUA x 1<br \/>\n6. Folie de protec\u021bie pre-ata\u0219at\u0103 x 1<br \/>\n(Prevala produsul real)<\/p>","protected":false},"excerpt":{"rendered":"<h4>Xiaomi 17 12GB+256GB Negru<\/h4>\n<h5>Xiaomi 17, 12GB+256GB,Amprent\u0103 cu Ultrasunete 3D, 6.3 inch Xiaomi HyperOS 3 Snapdragon 8 Elite Gen 5 Octa Core, NFC, Re\u021bea: 5G (Negru)<\/h5>","protected":false},"featured_media":1297,"comment_status":"closed","ping_status":"closed","template":"","meta":[],"product_brand":[],"product_cat":[26],"product_tag":[],"class_list":{"0":"post-684","1":"product","2":"type-product","3":"status-publish","4":"has-post-thumbnail","6":"product_cat-xiaomi","8":"first","9":"instock","10":"taxable","11":"shipping-taxable","12":"purchasable","13":"product-type-simple"},"_links":{"self":[{"href":"https:\/\/telmag.ro\/en\/wp-json\/wp\/v2\/product\/684","targetHints":{"allow":["GET"]}}],"collection":[{"href":"https:\/\/telmag.ro\/en\/wp-json\/wp\/v2\/product"}],"about":[{"href":"https:\/\/telmag.ro\/en\/wp-json\/wp\/v2\/types\/product"}],"replies":[{"embeddable":true,"href":"https:\/\/telmag.ro\/en\/wp-json\/wp\/v2\/comments?post=684"}],"wp:featuredmedia":[{"embeddable":true,"href":"https:\/\/telmag.ro\/en\/wp-json\/wp\/v2\/media\/1297"}],"wp:attachment":[{"href":"https:\/\/telmag.ro\/en\/wp-json\/wp\/v2\/media?parent=684"}],"wp:term":[{"taxonomy":"product_brand","embeddable":true,"href":"https:\/\/telmag.ro\/en\/wp-json\/wp\/v2\/product_brand?post=684"},{"taxonomy":"product_cat","embeddable":true,"href":"https:\/\/telmag.ro\/en\/wp-json\/wp\/v2\/product_cat?post=684"},{"taxonomy":"product_tag","embeddable":true,"href":"https:\/\/telmag.ro\/en\/wp-json\/wp\/v2\/product_tag?post=684"}],"curies":[{"name":"wp","href":"https:\/\/api.w.org\/{rel}","templated":true}]}}