{"id":738,"date":"2026-01-01T21:36:13","date_gmt":"2026-01-01T19:36:13","guid":{"rendered":"https:\/\/telmag.ro\/?post_type=product&#038;p=738"},"modified":"2026-03-05T21:57:23","modified_gmt":"2026-03-05T19:57:23","slug":"unihertz-titan-2-12gb512gb-negru","status":"publish","type":"product","link":"https:\/\/telmag.ro\/en\/product\/unihertz-titan-2-12gb512gb-negru\/","title":{"rendered":"Unihertz Titan 2 12GB+512GB Negru"},"content":{"rendered":"<h1>Unihertz Titan 2 12GB+512GB Negru<\/h1>","protected":false},"excerpt":{"rendered":"<h1>Unihertz Titan 2 12GB+512GB Negru<\/h1>\n<h4>Unihertz Titan 2 Smartphone cu Tastatur\u0103 Fizic\u0103 QWERTY, 12GB+512GB, Amprent\u0103, 4.5 inch + 2 inch Android 15 Dimensity 7300 5G Octa-Core, Re\u021bea: 5G, NFC, OTG (Negru)<\/h4>","protected":false},"featured_media":739,"comment_status":"closed","ping_status":"closed","template":"","meta":[],"product_brand":[],"product_cat":[21,30],"product_tag":[],"class_list":{"0":"post-738","1":"product","2":"type-product","3":"status-publish","4":"has-post-thumbnail","6":"product_cat-telefoane-mobile","7":"product_cat-unihertz","9":"first","10":"instock","11":"taxable","12":"shipping-taxable","13":"purchasable","14":"product-type-simple"},"_links":{"self":[{"href":"https:\/\/telmag.ro\/en\/wp-json\/wp\/v2\/product\/738","targetHints":{"allow":["GET"]}}],"collection":[{"href":"https:\/\/telmag.ro\/en\/wp-json\/wp\/v2\/product"}],"about":[{"href":"https:\/\/telmag.ro\/en\/wp-json\/wp\/v2\/types\/product"}],"replies":[{"embeddable":true,"href":"https:\/\/telmag.ro\/en\/wp-json\/wp\/v2\/comments?post=738"}],"wp:featuredmedia":[{"embeddable":true,"href":"https:\/\/telmag.ro\/en\/wp-json\/wp\/v2\/media\/739"}],"wp:attachment":[{"href":"https:\/\/telmag.ro\/en\/wp-json\/wp\/v2\/media?parent=738"}],"wp:term":[{"taxonomy":"product_brand","embeddable":true,"href":"https:\/\/telmag.ro\/en\/wp-json\/wp\/v2\/product_brand?post=738"},{"taxonomy":"product_cat","embeddable":true,"href":"https:\/\/telmag.ro\/en\/wp-json\/wp\/v2\/product_cat?post=738"},{"taxonomy":"product_tag","embeddable":true,"href":"https:\/\/telmag.ro\/en\/wp-json\/wp\/v2\/product_tag?post=738"}],"curies":[{"name":"wp","href":"https:\/\/api.w.org\/{rel}","templated":true}]}}