{"id":768,"date":"2026-01-01T23:17:22","date_gmt":"2026-01-01T21:17:22","guid":{"rendered":"https:\/\/telmag.ro\/?post_type=product&#038;p=768"},"modified":"2026-03-05T21:37:27","modified_gmt":"2026-03-05T19:37:27","slug":"north-edge-aqua","status":"publish","type":"product","link":"https:\/\/telmag.ro\/en\/product\/north-edge-aqua\/","title":{"rendered":"NORTH EDGE AQUA"},"content":{"rendered":"<h1>NORTH EDGE AQUA<\/h1>","protected":false},"excerpt":{"rendered":"<h1>NORTH EDGE AQUA<\/h1>\n<h4>NORTH EDGE AQUA Ceas pentru Scufund\u0103ri Rezistent la Ap\u0103 p\u00e2n\u0103 la100m, Suport\u0103 Display Luminos &amp; Mod Busol\u0103<\/h4>","protected":false},"featured_media":769,"comment_status":"closed","ping_status":"closed","template":"","meta":[],"product_brand":[],"product_cat":[34,35],"product_tag":[],"class_list":{"0":"post-768","1":"product","2":"type-product","3":"status-publish","4":"has-post-thumbnail","6":"product_cat-ceasuri","7":"product_cat-north-edge","9":"first","10":"instock","11":"taxable","12":"shipping-taxable","13":"purchasable","14":"product-type-simple"},"_links":{"self":[{"href":"https:\/\/telmag.ro\/en\/wp-json\/wp\/v2\/product\/768","targetHints":{"allow":["GET"]}}],"collection":[{"href":"https:\/\/telmag.ro\/en\/wp-json\/wp\/v2\/product"}],"about":[{"href":"https:\/\/telmag.ro\/en\/wp-json\/wp\/v2\/types\/product"}],"replies":[{"embeddable":true,"href":"https:\/\/telmag.ro\/en\/wp-json\/wp\/v2\/comments?post=768"}],"wp:featuredmedia":[{"embeddable":true,"href":"https:\/\/telmag.ro\/en\/wp-json\/wp\/v2\/media\/769"}],"wp:attachment":[{"href":"https:\/\/telmag.ro\/en\/wp-json\/wp\/v2\/media?parent=768"}],"wp:term":[{"taxonomy":"product_brand","embeddable":true,"href":"https:\/\/telmag.ro\/en\/wp-json\/wp\/v2\/product_brand?post=768"},{"taxonomy":"product_cat","embeddable":true,"href":"https:\/\/telmag.ro\/en\/wp-json\/wp\/v2\/product_cat?post=768"},{"taxonomy":"product_tag","embeddable":true,"href":"https:\/\/telmag.ro\/en\/wp-json\/wp\/v2\/product_tag?post=768"}],"curies":[{"name":"wp","href":"https:\/\/api.w.org\/{rel}","templated":true}]}}