{"id":770,"date":"2026-01-01T23:21:12","date_gmt":"2026-01-01T21:21:12","guid":{"rendered":"https:\/\/telmag.ro\/?post_type=product&#038;p=770"},"modified":"2026-03-05T21:35:16","modified_gmt":"2026-03-05T19:35:16","slug":"north-edge-anchor-negru","status":"publish","type":"product","link":"https:\/\/telmag.ro\/en\/product\/north-edge-anchor-negru\/","title":{"rendered":"NORTH EDGE ANCHOR Negru"},"content":{"rendered":"<h1>NORTH EDGE ANCHOR Negru<\/h1>","protected":false},"excerpt":{"rendered":"<h1>NORTH EDGE ANCHOR Negru<\/h1>\n<h4>NORTH EDGE ANCHOR Ceas B\u0103rb\u0103tesc pentru Exterior Rezistent la Ap\u0103 p\u00e2n\u0103 la 100m (Negru)<\/h4>","protected":false},"featured_media":771,"comment_status":"closed","ping_status":"closed","template":"","meta":[],"product_brand":[],"product_cat":[34,35],"product_tag":[],"class_list":{"0":"post-770","1":"product","2":"type-product","3":"status-publish","4":"has-post-thumbnail","6":"product_cat-ceasuri","7":"product_cat-north-edge","9":"first","10":"instock","11":"taxable","12":"shipping-taxable","13":"purchasable","14":"product-type-simple"},"_links":{"self":[{"href":"https:\/\/telmag.ro\/en\/wp-json\/wp\/v2\/product\/770","targetHints":{"allow":["GET"]}}],"collection":[{"href":"https:\/\/telmag.ro\/en\/wp-json\/wp\/v2\/product"}],"about":[{"href":"https:\/\/telmag.ro\/en\/wp-json\/wp\/v2\/types\/product"}],"replies":[{"embeddable":true,"href":"https:\/\/telmag.ro\/en\/wp-json\/wp\/v2\/comments?post=770"}],"wp:featuredmedia":[{"embeddable":true,"href":"https:\/\/telmag.ro\/en\/wp-json\/wp\/v2\/media\/771"}],"wp:attachment":[{"href":"https:\/\/telmag.ro\/en\/wp-json\/wp\/v2\/media?parent=770"}],"wp:term":[{"taxonomy":"product_brand","embeddable":true,"href":"https:\/\/telmag.ro\/en\/wp-json\/wp\/v2\/product_brand?post=770"},{"taxonomy":"product_cat","embeddable":true,"href":"https:\/\/telmag.ro\/en\/wp-json\/wp\/v2\/product_cat?post=770"},{"taxonomy":"product_tag","embeddable":true,"href":"https:\/\/telmag.ro\/en\/wp-json\/wp\/v2\/product_tag?post=770"}],"curies":[{"name":"wp","href":"https:\/\/api.w.org\/{rel}","templated":true}]}}