{"id":772,"date":"2026-01-01T23:27:33","date_gmt":"2026-01-01T21:27:33","guid":{"rendered":"https:\/\/telmag.ro\/?post_type=product&#038;p=772"},"modified":"2026-03-05T21:32:52","modified_gmt":"2026-03-05T19:32:52","slug":"north-edge-amoy-curea-neagra","status":"publish","type":"product","link":"https:\/\/telmag.ro\/en\/product\/north-edge-amoy-curea-neagra\/","title":{"rendered":"NORTH EDGE AMOY Curea Neagr\u0103"},"content":{"rendered":"<h1>NORTH EDGE AMOY Curea Neagr\u0103<\/h1>","protected":false},"excerpt":{"rendered":"<h1>NORTH EDGE AMOY Curea Neagr\u0103<\/h1>\n<h4>NORTH EDGE AMOY Ceas B\u0103rb\u0103tesc Mecanic Rezistent la Ap\u0103 Curea din Piele (Curea Neagr\u0103)<\/h4>","protected":false},"featured_media":773,"comment_status":"closed","ping_status":"closed","template":"","meta":[],"product_brand":[],"product_cat":[34,35],"product_tag":[],"class_list":{"0":"post-772","1":"product","2":"type-product","3":"status-publish","4":"has-post-thumbnail","6":"product_cat-ceasuri","7":"product_cat-north-edge","9":"first","10":"instock","11":"taxable","12":"shipping-taxable","13":"purchasable","14":"product-type-simple"},"_links":{"self":[{"href":"https:\/\/telmag.ro\/en\/wp-json\/wp\/v2\/product\/772","targetHints":{"allow":["GET"]}}],"collection":[{"href":"https:\/\/telmag.ro\/en\/wp-json\/wp\/v2\/product"}],"about":[{"href":"https:\/\/telmag.ro\/en\/wp-json\/wp\/v2\/types\/product"}],"replies":[{"embeddable":true,"href":"https:\/\/telmag.ro\/en\/wp-json\/wp\/v2\/comments?post=772"}],"wp:featuredmedia":[{"embeddable":true,"href":"https:\/\/telmag.ro\/en\/wp-json\/wp\/v2\/media\/773"}],"wp:attachment":[{"href":"https:\/\/telmag.ro\/en\/wp-json\/wp\/v2\/media?parent=772"}],"wp:term":[{"taxonomy":"product_brand","embeddable":true,"href":"https:\/\/telmag.ro\/en\/wp-json\/wp\/v2\/product_brand?post=772"},{"taxonomy":"product_cat","embeddable":true,"href":"https:\/\/telmag.ro\/en\/wp-json\/wp\/v2\/product_cat?post=772"},{"taxonomy":"product_tag","embeddable":true,"href":"https:\/\/telmag.ro\/en\/wp-json\/wp\/v2\/product_tag?post=772"}],"curies":[{"name":"wp","href":"https:\/\/api.w.org\/{rel}","templated":true}]}}