{"id":774,"date":"2026-01-01T23:33:02","date_gmt":"2026-01-01T21:33:02","guid":{"rendered":"https:\/\/telmag.ro\/?post_type=product&#038;p=774"},"modified":"2026-03-05T21:30:30","modified_gmt":"2026-03-05T19:30:30","slug":"north-edge-triton-ti-curea-din-cauciuc-negru","status":"publish","type":"product","link":"https:\/\/telmag.ro\/en\/product\/north-edge-triton-ti-curea-din-cauciuc-negru\/","title":{"rendered":"NORTH EDGE TRITON-TI Curea din Cauciuc Negru"},"content":{"rendered":"<h1>NORTH EDGE TRITON-TI Curea din Cauciuc Negru<\/h1>","protected":false},"excerpt":{"rendered":"<h1>NORTH EDGE TRITON-TI Curea din Cauciuc Negru<\/h1>\n<h4>NORTH EDGE TRITON-TI Ceas din Titan cu \u00cenc\u0103rcare Solar\u0103 pentru Exterior \u0219i Scufund\u0103ri Profesionale (Curea din Cauciuc Negru)<\/h4>","protected":false},"featured_media":775,"comment_status":"closed","ping_status":"closed","template":"","meta":[],"product_brand":[],"product_cat":[34,35],"product_tag":[],"class_list":{"0":"post-774","1":"product","2":"type-product","3":"status-publish","4":"has-post-thumbnail","6":"product_cat-ceasuri","7":"product_cat-north-edge","9":"first","10":"instock","11":"taxable","12":"shipping-taxable","13":"purchasable","14":"product-type-simple"},"_links":{"self":[{"href":"https:\/\/telmag.ro\/en\/wp-json\/wp\/v2\/product\/774","targetHints":{"allow":["GET"]}}],"collection":[{"href":"https:\/\/telmag.ro\/en\/wp-json\/wp\/v2\/product"}],"about":[{"href":"https:\/\/telmag.ro\/en\/wp-json\/wp\/v2\/types\/product"}],"replies":[{"embeddable":true,"href":"https:\/\/telmag.ro\/en\/wp-json\/wp\/v2\/comments?post=774"}],"wp:featuredmedia":[{"embeddable":true,"href":"https:\/\/telmag.ro\/en\/wp-json\/wp\/v2\/media\/775"}],"wp:attachment":[{"href":"https:\/\/telmag.ro\/en\/wp-json\/wp\/v2\/media?parent=774"}],"wp:term":[{"taxonomy":"product_brand","embeddable":true,"href":"https:\/\/telmag.ro\/en\/wp-json\/wp\/v2\/product_brand?post=774"},{"taxonomy":"product_cat","embeddable":true,"href":"https:\/\/telmag.ro\/en\/wp-json\/wp\/v2\/product_cat?post=774"},{"taxonomy":"product_tag","embeddable":true,"href":"https:\/\/telmag.ro\/en\/wp-json\/wp\/v2\/product_tag?post=774"}],"curies":[{"name":"wp","href":"https:\/\/api.w.org\/{rel}","templated":true}]}}