{"id":776,"date":"2026-01-01T23:39:34","date_gmt":"2026-01-01T21:39:34","guid":{"rendered":"https:\/\/telmag.ro\/?post_type=product&#038;p=776"},"modified":"2026-03-05T21:28:04","modified_gmt":"2026-03-05T19:28:04","slug":"north-edge-longwings-negru-argintiu","status":"publish","type":"product","link":"https:\/\/telmag.ro\/en\/product\/north-edge-longwings-negru-argintiu\/","title":{"rendered":"NORTH EDGE LONGWINGS Negru Argintiu"},"content":{"rendered":"<h1>NORTH EDGE LONGWINGS Negru Argintiu<\/h1>","protected":false},"excerpt":{"rendered":"<h1>NORTH EDGE LONGWINGS Negru Argintiu<\/h1>\n<h4>NORTH EDGE LONGWINGS Ceas B\u0103rb\u0103tesc pentru Exterior cu \u00cenc\u0103rcare Solar\u0103 Curea din O\u021bel Inoxidabil (Negru Argintiu)<\/h4>","protected":false},"featured_media":777,"comment_status":"closed","ping_status":"closed","template":"","meta":[],"product_brand":[],"product_cat":[34,35],"product_tag":[],"class_list":{"0":"post-776","1":"product","2":"type-product","3":"status-publish","4":"has-post-thumbnail","6":"product_cat-ceasuri","7":"product_cat-north-edge","9":"first","10":"instock","11":"taxable","12":"shipping-taxable","13":"purchasable","14":"product-type-simple"},"_links":{"self":[{"href":"https:\/\/telmag.ro\/en\/wp-json\/wp\/v2\/product\/776","targetHints":{"allow":["GET"]}}],"collection":[{"href":"https:\/\/telmag.ro\/en\/wp-json\/wp\/v2\/product"}],"about":[{"href":"https:\/\/telmag.ro\/en\/wp-json\/wp\/v2\/types\/product"}],"replies":[{"embeddable":true,"href":"https:\/\/telmag.ro\/en\/wp-json\/wp\/v2\/comments?post=776"}],"wp:featuredmedia":[{"embeddable":true,"href":"https:\/\/telmag.ro\/en\/wp-json\/wp\/v2\/media\/777"}],"wp:attachment":[{"href":"https:\/\/telmag.ro\/en\/wp-json\/wp\/v2\/media?parent=776"}],"wp:term":[{"taxonomy":"product_brand","embeddable":true,"href":"https:\/\/telmag.ro\/en\/wp-json\/wp\/v2\/product_brand?post=776"},{"taxonomy":"product_cat","embeddable":true,"href":"https:\/\/telmag.ro\/en\/wp-json\/wp\/v2\/product_cat?post=776"},{"taxonomy":"product_tag","embeddable":true,"href":"https:\/\/telmag.ro\/en\/wp-json\/wp\/v2\/product_tag?post=776"}],"curies":[{"name":"wp","href":"https:\/\/api.w.org\/{rel}","templated":true}]}}