{"id":780,"date":"2026-01-01T23:50:31","date_gmt":"2026-01-01T21:50:31","guid":{"rendered":"https:\/\/telmag.ro\/?post_type=product&#038;p=780"},"modified":"2026-03-05T21:23:03","modified_gmt":"2026-03-05T19:23:03","slug":"north-edge-blaze-negru","status":"publish","type":"product","link":"https:\/\/telmag.ro\/en\/product\/north-edge-blaze-negru\/","title":{"rendered":"NORTH EDGE BLAZE Negru"},"content":{"rendered":"<h1>NORTH EDGE BLAZE Negru<\/h1>","protected":false},"excerpt":{"rendered":"<h1>NORTH EDGE BLAZE Negru<\/h1>\n<h4>NORTH EDGE BLAZE Ceas B\u0103rb\u0103tesc pentru Exterior \u0219i Sport Rezistent la Ap\u0103 \u00cenc\u0103rcare Solar\u0103 (Negru)<\/h4>","protected":false},"featured_media":781,"comment_status":"closed","ping_status":"closed","template":"","meta":[],"product_brand":[],"product_cat":[34,35],"product_tag":[],"class_list":{"0":"post-780","1":"product","2":"type-product","3":"status-publish","4":"has-post-thumbnail","6":"product_cat-ceasuri","7":"product_cat-north-edge","9":"first","10":"instock","11":"taxable","12":"shipping-taxable","13":"purchasable","14":"product-type-simple"},"_links":{"self":[{"href":"https:\/\/telmag.ro\/en\/wp-json\/wp\/v2\/product\/780","targetHints":{"allow":["GET"]}}],"collection":[{"href":"https:\/\/telmag.ro\/en\/wp-json\/wp\/v2\/product"}],"about":[{"href":"https:\/\/telmag.ro\/en\/wp-json\/wp\/v2\/types\/product"}],"replies":[{"embeddable":true,"href":"https:\/\/telmag.ro\/en\/wp-json\/wp\/v2\/comments?post=780"}],"wp:featuredmedia":[{"embeddable":true,"href":"https:\/\/telmag.ro\/en\/wp-json\/wp\/v2\/media\/781"}],"wp:attachment":[{"href":"https:\/\/telmag.ro\/en\/wp-json\/wp\/v2\/media?parent=780"}],"wp:term":[{"taxonomy":"product_brand","embeddable":true,"href":"https:\/\/telmag.ro\/en\/wp-json\/wp\/v2\/product_brand?post=780"},{"taxonomy":"product_cat","embeddable":true,"href":"https:\/\/telmag.ro\/en\/wp-json\/wp\/v2\/product_cat?post=780"},{"taxonomy":"product_tag","embeddable":true,"href":"https:\/\/telmag.ro\/en\/wp-json\/wp\/v2\/product_tag?post=780"}],"curies":[{"name":"wp","href":"https:\/\/api.w.org\/{rel}","templated":true}]}}