{"id":874,"date":"2026-01-02T22:14:03","date_gmt":"2026-01-02T20:14:03","guid":{"rendered":"https:\/\/telmag.ro\/?post_type=product&#038;p=874"},"modified":"2026-03-04T23:59:23","modified_gmt":"2026-03-04T21:59:23","slug":"uniwa-utab-r1040-8gb128gb-10-1-inch-android-15","status":"publish","type":"product","link":"https:\/\/telmag.ro\/en\/product\/uniwa-utab-r1040-8gb128gb-10-1-inch-android-15\/","title":{"rendered":"UNIWA UTAB R1040 8GB+128GB 10.1 inch Android 15"},"content":{"rendered":"<h1>UNIWA UTAB R1040 8GB+128GB 10.1 inch Android 15<\/h1>","protected":false},"excerpt":{"rendered":"<h1>UNIWA UTAB R1040 8GB+128GB 10.1 inch Android 15<\/h1>\n<h4>UNIWA UTAB R1040 IP67 Tablet\u0103 PC Rezistent\u0103 la Ap\u0103, 8GB+128GB, 10.1 inch Android 15 Mediatek MT8786 Octa Core, Re\u021bea: 4G<\/h4>","protected":false},"featured_media":875,"comment_status":"closed","ping_status":"closed","template":"","meta":[],"product_brand":[],"product_cat":[37,40],"product_tag":[],"class_list":{"0":"post-874","1":"product","2":"type-product","3":"status-publish","4":"has-post-thumbnail","6":"product_cat-tablete","7":"product_cat-uniwa","9":"first","10":"instock","11":"taxable","12":"shipping-taxable","13":"purchasable","14":"product-type-simple"},"_links":{"self":[{"href":"https:\/\/telmag.ro\/en\/wp-json\/wp\/v2\/product\/874","targetHints":{"allow":["GET"]}}],"collection":[{"href":"https:\/\/telmag.ro\/en\/wp-json\/wp\/v2\/product"}],"about":[{"href":"https:\/\/telmag.ro\/en\/wp-json\/wp\/v2\/types\/product"}],"replies":[{"embeddable":true,"href":"https:\/\/telmag.ro\/en\/wp-json\/wp\/v2\/comments?post=874"}],"wp:featuredmedia":[{"embeddable":true,"href":"https:\/\/telmag.ro\/en\/wp-json\/wp\/v2\/media\/875"}],"wp:attachment":[{"href":"https:\/\/telmag.ro\/en\/wp-json\/wp\/v2\/media?parent=874"}],"wp:term":[{"taxonomy":"product_brand","embeddable":true,"href":"https:\/\/telmag.ro\/en\/wp-json\/wp\/v2\/product_brand?post=874"},{"taxonomy":"product_cat","embeddable":true,"href":"https:\/\/telmag.ro\/en\/wp-json\/wp\/v2\/product_cat?post=874"},{"taxonomy":"product_tag","embeddable":true,"href":"https:\/\/telmag.ro\/en\/wp-json\/wp\/v2\/product_tag?post=874"}],"curies":[{"name":"wp","href":"https:\/\/api.w.org\/{rel}","templated":true}]}}